{"id":14278,"date":"2020-07-22T22:46:53","date_gmt":"2020-07-22T20:46:53","guid":{"rendered":"https:\/\/medicinskaforeningen.se\/student-rights\/"},"modified":"2022-10-19T19:22:05","modified_gmt":"2022-10-19T17:22:05","slug":"student-rights","status":"publish","type":"page","link":"https:\/\/medicinskaforeningen.se\/en\/student-rights\/","title":{"rendered":"Student rights"},"content":{"rendered":"\n<style type=\"text\/css\" data-created_by=\"avia_inline_auto\" id=\"style-css-av-jqwoh-a64f6e4d5ed4e1e74a2a11c488ceac9d\">\n.flex_column.av-jqwoh-a64f6e4d5ed4e1e74a2a11c488ceac9d{\nborder-radius:0px 0px 0px 0px;\npadding:0px 0px 0px 0px;\n}\n<\/style>\n<div  class='flex_column av-jqwoh-a64f6e4d5ed4e1e74a2a11c488ceac9d av_one_full  avia-builder-el-0  el_before_av_two_third  avia-builder-el-first  first flex_column_div av-zero-column-padding  '     ><p>\n<style type=\"text\/css\" data-created_by=\"avia_inline_auto\" id=\"style-css-av-qil21-091288cb2e7384aba5de39ea529ac192\">\n.avia-image-container.av-qil21-091288cb2e7384aba5de39ea529ac192 img.avia_image{\nbox-shadow:none;\n}\n.avia-image-container.av-qil21-091288cb2e7384aba5de39ea529ac192 .av-image-caption-overlay-center{\ncolor:#ffffff;\n}\n<\/style>\n<div  class='avia-image-container av-qil21-091288cb2e7384aba5de39ea529ac192 av-styling-circle avia-align-center  avia-builder-el-1  el_before_av_heading  avia-builder-el-first '   itemprop=\"image\" itemscope=\"itemscope\" itemtype=\"https:\/\/schema.org\/ImageObject\" ><div class=\"avia-image-container-inner\"><div class=\"avia-image-overlay-wrap\"><img decoding=\"async\" fetchpriority=\"high\" class='wp-image-14085 avia-img-lazy-loading-not-14085 avia_image ' src=\"https:\/\/medicinskaforeningen.se\/wp-content\/uploads\/2020\/07\/Studentr\u00e4tt-300x300.jpg\" alt='' title='Studentr\u00e4tt'  height=\"300\" width=\"300\"  itemprop=\"thumbnailUrl\" srcset=\"https:\/\/medicinskaforeningen.se\/wp-content\/uploads\/2020\/07\/Studentr\u00e4tt-300x300.jpg 300w, https:\/\/medicinskaforeningen.se\/wp-content\/uploads\/2020\/07\/Studentr\u00e4tt-1030x1030.jpg 1030w, https:\/\/medicinskaforeningen.se\/wp-content\/uploads\/2020\/07\/Studentr\u00e4tt-80x80.jpg 80w, https:\/\/medicinskaforeningen.se\/wp-content\/uploads\/2020\/07\/Studentr\u00e4tt-768x768.jpg 768w, https:\/\/medicinskaforeningen.se\/wp-content\/uploads\/2020\/07\/Studentr\u00e4tt-36x36.jpg 36w, https:\/\/medicinskaforeningen.se\/wp-content\/uploads\/2020\/07\/Studentr\u00e4tt-180x180.jpg 180w, https:\/\/medicinskaforeningen.se\/wp-content\/uploads\/2020\/07\/Studentr\u00e4tt-705x705.jpg 705w, https:\/\/medicinskaforeningen.se\/wp-content\/uploads\/2020\/07\/Studentr\u00e4tt.jpg 1080w\" sizes=\"(max-width: 300px) 100vw, 300px\" \/><\/div><\/div><\/div><br \/>\n\n<style type=\"text\/css\" data-created_by=\"avia_inline_auto\" id=\"style-css-av-1kr3edf-029b86f09240dcb293a5a8525d3ac9b3\">\n#top .av-special-heading.av-1kr3edf-029b86f09240dcb293a5a8525d3ac9b3{\npadding-bottom:15px;\n}\nbody .av-special-heading.av-1kr3edf-029b86f09240dcb293a5a8525d3ac9b3 .av-special-heading-tag .heading-char{\nfont-size:25px;\n}\n.av-special-heading.av-1kr3edf-029b86f09240dcb293a5a8525d3ac9b3 .av-subheading{\nfont-size:15px;\n}\n<\/style>\n<div  class='av-special-heading av-1kr3edf-029b86f09240dcb293a5a8525d3ac9b3 av-special-heading-h1 custom-color-heading blockquote modern-quote modern-centered  avia-builder-el-2  el_after_av_image  el_before_av_textblock '><h1 class='av-special-heading-tag '  itemprop=\"headline\"  >Studentr\u00e4tt<\/h1><div class=\"special-heading-border\"><div class=\"special-heading-inner-border\"><\/div><\/div><\/div><br \/>\n<section  class='av_textblock_section av-kctamiv2-78ac4117c363476090392bc2d512a770 '   itemscope=\"itemscope\" itemtype=\"https:\/\/schema.org\/CreativeWork\" ><div class='avia_textblock'  itemprop=\"text\" ><p>P\u00e5 den h\u00e4r sidan har vi samlat information om de r\u00e4ttigheter du som student p\u00e5 grundniv\u00e5, avancerad niv\u00e5 eller forskarniv\u00e5 vid Karolinska Institutet (KI) har. KI har dels egna regler och anvisningar d\u00e4r det framg\u00e5r vilka r\u00e4ttigheter studenterna har, dessutom lyder universitetet under <a href=\"https:\/\/www.riksdagen.se\/sv\/dokument-lagar\/dokument\/svensk-forfattningssamling\/hogskoleforordning-1993100_sfs-1993-100\" target=\"_blank\" rel=\"noopener noreferrer\">H\u00f6gskolef\u00f6rordningen<\/a> och <a href=\"https:\/\/www.riksdagen.se\/sv\/dokument-lagar\/dokument\/svensk-forfattningssamling\/hogskolelag-19921434_sfs-1992-1434\" target=\"_blank\" rel=\"noopener noreferrer\">H\u00f6gskolelagen<\/a> och sj\u00e4lvklart alla Sveriges \u00f6vriga lagar.<\/p>\n<\/div><\/section><\/p><\/div>\n\n<style type=\"text\/css\" data-created_by=\"avia_inline_auto\" id=\"style-css-av-3ekkbpf-caf1810af667335ec0d6557880cd2b3f\">\n.flex_column.av-3ekkbpf-caf1810af667335ec0d6557880cd2b3f{\nborder-radius:0px 0px 0px 0px;\npadding:0px 0px 0px 0px;\n}\n<\/style>\n<div  class='flex_column av-3ekkbpf-caf1810af667335ec0d6557880cd2b3f av_two_third  avia-builder-el-4  el_after_av_one_full  el_before_av_one_third  first flex_column_div av-zero-column-padding  column-top-margin'     ><p>\n<style type=\"text\/css\" data-created_by=\"avia_inline_auto\" id=\"style-css-av-av_heading-444c9e434ea7a0eb5b5f2e9fd493cbcb\">\n#top .av-special-heading.av-av_heading-444c9e434ea7a0eb5b5f2e9fd493cbcb{\npadding-bottom:15px;\n}\nbody .av-special-heading.av-av_heading-444c9e434ea7a0eb5b5f2e9fd493cbcb .av-special-heading-tag .heading-char{\nfont-size:25px;\n}\n.av-special-heading.av-av_heading-444c9e434ea7a0eb5b5f2e9fd493cbcb .av-subheading{\nfont-size:15px;\n}\n<\/style>\n<div  class='av-special-heading av-av_heading-444c9e434ea7a0eb5b5f2e9fd493cbcb av-special-heading-h3 custom-color-heading  avia-builder-el-5  el_before_av_textblock  avia-builder-el-first '><h3 class='av-special-heading-tag '  itemprop=\"headline\"  >Studentinflytande<\/h3><div class=\"special-heading-border\"><div class=\"special-heading-inner-border\"><\/div><\/div><\/div><br \/>\n<section  class='av_textblock_section av-wztnt-a43de4ebf7cc7b24896061fd9368d535 '   itemscope=\"itemscope\" itemtype=\"https:\/\/schema.org\/CreativeWork\" ><div class='avia_textblock'  itemprop=\"text\" ><p>I H\u00f6gskolelagen framg\u00e5r att studenterna har r\u00e4tt att vara representerade n\u00e4r beslut fattas eller beredning sker som har betydelse f\u00f6r utbildningen eller studenternas situation<em> (H\u00f6gskolelagen 2 kap 7 \u00a7).\u00a0<\/em><\/p>\n<p>MF har, genom sin st\u00e4llning som studentk\u00e5r vid KI, r\u00e4tten att utse studentrepresentanter p\u00e5 alla niv\u00e5er inom KI. P\u00e5 detta s\u00e4tt s\u00e4kerst\u00e4ller vi att alla utbildningar h\u00e5ller h\u00f6gsta kvalitet och att studenternas b\u00e4sta st\u00e5r i fokus. L\u00e4s mer p\u00e5 sidan <a href=\"https:\/\/medicinskaforeningen.se\/studiebevakning\/\">studiebevakning<\/a> hur du sj\u00e4lv kan engagera dig och p\u00e5verka din utbildning!<\/p>\n<\/div><\/section><br \/>\n\n<style type=\"text\/css\" data-created_by=\"avia_inline_auto\" id=\"style-css-av-av_heading-ac199d7d422636a81c650b6444d838af\">\n#top .av-special-heading.av-av_heading-ac199d7d422636a81c650b6444d838af{\npadding-bottom:15px;\n}\nbody .av-special-heading.av-av_heading-ac199d7d422636a81c650b6444d838af .av-special-heading-tag .heading-char{\nfont-size:25px;\n}\n.av-special-heading.av-av_heading-ac199d7d422636a81c650b6444d838af .av-subheading{\nfont-size:15px;\n}\n<\/style>\n<div  class='av-special-heading av-av_heading-ac199d7d422636a81c650b6444d838af av-special-heading-h3 custom-color-heading  avia-builder-el-7  el_after_av_textblock  el_before_av_textblock '><h3 class='av-special-heading-tag '  itemprop=\"headline\"  >Dina r\u00e4ttigheter och skyldigheter<\/h3><div class=\"special-heading-border\"><div class=\"special-heading-inner-border\"><\/div><\/div><\/div><br \/>\n<section  class='av_textblock_section av-wztnt-a43de4ebf7cc7b24896061fd9368d535 '   itemscope=\"itemscope\" itemtype=\"https:\/\/schema.org\/CreativeWork\" ><div class='avia_textblock'  itemprop=\"text\" ><p>P\u00e5 <a href=\"https:\/\/utbildning.ki.se\/regelverk-som-styr-utbildningen-studentratt\" target=\"_blank\" rel=\"noopener noreferrer\">KI:s sida om studentr\u00e4tt<\/a> hittar du info om alla de r\u00e4ttigheter och skyldigheter du som student har. MF ansvarar, genom <a href=\"https:\/\/medicinskaforeningen.se\/studiebevakning\/sektioner\/\">sektionerna<\/a>, <a href=\"https:\/\/medicinskaforeningen.se\/studiebevakning\/bli-studentrepresentant\/\">studentrepresentanterna<\/a> och <a href=\"https:\/\/medicinskaforeningen.se\/studiebevakning\/ombud\/\">ombuden<\/a>, f\u00f6r att bevaka att KI f\u00f6ljer de regelverk som finns och att studenternas r\u00e4ttigheter uppfylls.<\/p>\n<p>H\u00e4r finns direktl\u00e4nkar till n\u00e5gra av sidorna om studentr\u00e4tt med mer info:<\/p>\n<ul>\n<li><a href=\"https:\/\/utbildning.ki.se\/schema-och-gruppindelning\" target=\"_blank\" rel=\"noopener noreferrer\">Schema och gruppindelning<\/a><\/li>\n<li><a href=\"https:\/\/utbildning.ki.se\/examination\" target=\"_blank\" rel=\"noopener noreferrer\">Examination, omexamination<\/a><\/li>\n<li><a href=\"https:\/\/utbildning.ki.se\/tillgodoraknande\" target=\"_blank\" rel=\"noopener noreferrer\">Tillgodor\u00e4knande<\/a><\/li>\n<li><a href=\"https:\/\/utbildning.ki.se\/lika-villkor-for-studenter\" target=\"_blank\" rel=\"noopener noreferrer\">Lika villkor<\/a><\/li>\n<li><a href=\"https:\/\/utbildning.ki.se\/studieuppehall\" target=\"_blank\" rel=\"noopener noreferrer\">Studieuppeh\u00e5ll<\/a><\/li>\n<li><a href=\"https:\/\/utbildning.ki.se\/verksamhetsforlagd-utbildning-vfu-och-verksamhetsintegrerat-larande-vil\" target=\"_blank\" rel=\"noopener noreferrer\">Verksamhetsf\u00f6rlagd utbildning (VFU)<\/a><\/li>\n<li><a href=\"https:\/\/utbildning.ki.se\/obligatorisk-undervisning\" target=\"_blank\" rel=\"noopener noreferrer\">Obligatorisk undervisning<\/a><\/li>\n<li><a href=\"https:\/\/utbildning.ki.se\/fusk\" target=\"_blank\" rel=\"noopener noreferrer\">Fusk<\/a><\/li>\n<li><a href=\"https:\/\/utbildning.ki.se\/disciplinarenden\" target=\"_blank\" rel=\"noopener noreferrer\">Disciplin\u00e4renden<\/a><\/li>\n<\/ul>\n<\/div><\/section><br \/>\n\n<style type=\"text\/css\" data-created_by=\"avia_inline_auto\" id=\"style-css-av-av_heading-f84b3cf588ad3850997c74befe2310e1\">\n#top .av-special-heading.av-av_heading-f84b3cf588ad3850997c74befe2310e1{\npadding-bottom:15px;\n}\nbody .av-special-heading.av-av_heading-f84b3cf588ad3850997c74befe2310e1 .av-special-heading-tag .heading-char{\nfont-size:25px;\n}\n.av-special-heading.av-av_heading-f84b3cf588ad3850997c74befe2310e1 .av-subheading{\nfont-size:15px;\n}\n<\/style>\n<div  class='av-special-heading av-av_heading-f84b3cf588ad3850997c74befe2310e1 av-special-heading-h3 custom-color-heading  avia-builder-el-9  el_after_av_textblock  el_before_av_textblock '><h3 class='av-special-heading-tag '  itemprop=\"headline\"  >Skyddsn\u00e4tverket<\/h3><div class=\"special-heading-border\"><div class=\"special-heading-inner-border\"><\/div><\/div><\/div><br \/>\n<section  class='av_textblock_section av-wztnt-a43de4ebf7cc7b24896061fd9368d535 '   itemscope=\"itemscope\" itemtype=\"https:\/\/schema.org\/CreativeWork\" ><div class='avia_textblock'  itemprop=\"text\" ><p>Har du problem med den psykosociala eller fysiska studiemilj\u00f6n? D\u00e5 \u00e4r det <a href=\"https:\/\/medicinskaforeningen.se\/studentratt\/skyddsnatverk\/\">skyddsn\u00e4tverket<\/a> du ska kontakta. Som student likst\u00e4lls man med arbetstagare, vilket inneb\u00e4r att studenter b\u00e5de f\u00e5r och ska medverka i arbetet med god arbetsmilj\u00f6 f\u00f6r studenter (studiemilj\u00f6). Detta regleras i\u00a0<a href=\"https:\/\/www.av.se\/arbetsmiljoarbete-och-inspektioner\/lagar-och-regler-om-arbetsmiljo\/arbetsmiljolagen\/\" target=\"_blank\" rel=\"noopener noreferrer\">Arbetsmilj\u00f6lagen<\/a>, och fungerar i praktiken s\u00e5 att studentk\u00e5ren utser studerandeskyddsombud som f\u00f6retr\u00e4der studenterna i fr\u00e5gor som r\u00f6r arbetsmilj\u00f6arbetet. Ut\u00f6ver rollerna som huvud- och studerandeskyddsombud finns det f\u00f6r varje sektion en eller flera studerandeskyddsrepresentanter som f\u00f6retr\u00e4der studenterna vid de programmen som sektionen representerar.<\/p>\n<\/div><\/section><br \/>\n\n<style type=\"text\/css\" data-created_by=\"avia_inline_auto\" id=\"style-css-av-av_heading-f510a57d058227c9016f4813e42b43d1\">\n#top .av-special-heading.av-av_heading-f510a57d058227c9016f4813e42b43d1{\npadding-bottom:15px;\n}\nbody .av-special-heading.av-av_heading-f510a57d058227c9016f4813e42b43d1 .av-special-heading-tag .heading-char{\nfont-size:25px;\n}\n.av-special-heading.av-av_heading-f510a57d058227c9016f4813e42b43d1 .av-subheading{\nfont-size:15px;\n}\n<\/style>\n<div  class='av-special-heading av-av_heading-f510a57d058227c9016f4813e42b43d1 av-special-heading-h3 custom-color-heading  avia-builder-el-11  el_after_av_textblock  el_before_av_textblock '><h3 class='av-special-heading-tag '  itemprop=\"headline\"  >St\u00f6dfunktioner<\/h3><div class=\"special-heading-border\"><div class=\"special-heading-inner-border\"><\/div><\/div><\/div><br \/>\n<section  class='av_textblock_section av-wztnt-a43de4ebf7cc7b24896061fd9368d535 '   itemscope=\"itemscope\" itemtype=\"https:\/\/schema.org\/CreativeWork\" ><div class='avia_textblock'  itemprop=\"text\" ><p>Ibland vill man som student\/doktorand ha hj\u00e4lp och st\u00f6d i hur man ska g\u00e5 vidare med tankar och funderingar i livet. Du k\u00e4nner s\u00e4ker till Studenth\u00e4lsan h\u00e4r p\u00e5 KI men visste du att man \u00e4ven kan boka ett samtal med studentpr\u00e4sterna?\u00a0 De har precis som ombuden tystnadsplikt och du kan v\u00e4nda dig till dem n\u00e4r du beh\u00f6ver hj\u00e4lp, tr\u00f6st eller utrymme f\u00f6r att formulera dina tankar om livet. Du m\u00e5ste inte ha en gudstro f\u00f6r att prata med studentpr\u00e4sterna, man kan komma med alla m\u00f6jliga slags fr\u00e5gor. Allt om meningen med livet, relationer, sorg \u00f6ver att man f\u00f6rlorat en anh\u00f6rig eller n\u00e5got annat man vill prata om.<\/p>\n<p><a href=\"https:\/\/utbildning.ki.se\/studenthalsan\" target=\"_blank\" rel=\"noopener noreferrer\">Studenth\u00e4lsan<\/a><br \/>\n<a href=\"https:\/\/universitetskyrkanstockholm.squarespace.com\" target=\"_blank\" rel=\"noopener noreferrer\">Universitetskyrkan<\/a><br \/>\n<a href=\"https:\/\/medarbetare.ki.se\/stod-till-doktorander\" target=\"_blank\" rel=\"noopener noreferrer\">St\u00f6d till doktorander<\/a><br \/>\n<a href=\"https:\/\/utbildning.ki.se\/ansok-om-stod-nar-du-studerar-med-funktionsvariation\" target=\"_blank\" rel=\"noopener noreferrer\">St\u00f6d till studenter med funktionsvariation<\/a><\/p>\n<\/div><\/section><br \/>\n\n<style type=\"text\/css\" data-created_by=\"avia_inline_auto\" id=\"style-css-av-knmd8m1x-cd9adc59685c06ad18c5628392b894a4\">\n#top .av-special-heading.av-knmd8m1x-cd9adc59685c06ad18c5628392b894a4{\npadding-bottom:15px;\n}\nbody .av-special-heading.av-knmd8m1x-cd9adc59685c06ad18c5628392b894a4 .av-special-heading-tag .heading-char{\nfont-size:25px;\n}\n.av-special-heading.av-knmd8m1x-cd9adc59685c06ad18c5628392b894a4 .av-subheading{\nfont-size:15px;\n}\n<\/style>\n<div  class='av-special-heading av-knmd8m1x-cd9adc59685c06ad18c5628392b894a4 av-special-heading-h3 custom-color-heading  avia-builder-el-13  el_after_av_textblock  el_before_av_textblock '><h3 class='av-special-heading-tag '  itemprop=\"headline\"  >Student- och doktorandombuden<\/h3><div class=\"special-heading-border\"><div class=\"special-heading-inner-border\"><\/div><\/div><\/div><br \/>\n<section  class='av_textblock_section av-wztnt-a43de4ebf7cc7b24896061fd9368d535 '   itemscope=\"itemscope\" itemtype=\"https:\/\/schema.org\/CreativeWork\" ><div class='avia_textblock'  itemprop=\"text\" ><p><a href=\"https:\/\/medicinskaforeningen.se\/studentratt\/ombud\/\">Student- och doktorandombuden<\/a> \u00e4r oberoende instanser som du som student eller doktorand vid KI kan v\u00e4nda dig till med fr\u00e5gor ang\u00e5ende KI:s regelverk, eller som st\u00f6d i konflikter eller andra uppkomna situationer under din studietid. \u00c4renden behandlas konfidentiellt, det \u00e4r alltid avgiftsfritt och finns till f\u00f6r alla studenter, oavsett om du \u00e4r medlem i studentk\u00e5ren eller inte.<\/p>\n<\/div><\/section><\/p><\/div>\n<style type=\"text\/css\" data-created_by=\"avia_inline_auto\" id=\"style-css-av-1mh6wrn-43d84790554585f60d0d20d2718871ea\">\n.flex_column.av-1mh6wrn-43d84790554585f60d0d20d2718871ea{\nborder-radius:0px 0px 0px 0px;\npadding:0px 0px 0px 0px;\n}\n<\/style>\n<div  class='flex_column av-1mh6wrn-43d84790554585f60d0d20d2718871ea av_one_third  avia-builder-el-15  el_after_av_two_third  avia-builder-el-last  flex_column_div av-zero-column-padding  column-top-margin'     ><p><div  class='avia-button-wrap avia-button-center  avia-builder-el-16  el_before_av_hr  avia-builder-el-first '>\n<style type=\"text\/css\" data-created_by=\"avia_inline_auto\" id=\"style-css-av-kctdiljt-2de47fc0b98b8bfc01678b1021812669\">\n#top #wrap_all .avia-button.av-kctdiljt-2de47fc0b98b8bfc01678b1021812669{\ncolor:#ffffff;\ntransition:all 0.4s ease-in-out;\n}\n#top #wrap_all .avia-button.av-kctdiljt-2de47fc0b98b8bfc01678b1021812669:hover{\ncolor:#ffffff;\ntransition:all 0.4s ease-in-out;\n}\n#top #wrap_all .avia-button.av-kctdiljt-2de47fc0b98b8bfc01678b1021812669 .avia-svg-icon svg:first-child{\nfill:#ffffff;\nstroke:#ffffff;\n}\n#top #wrap_all .avia-button.av-kctdiljt-2de47fc0b98b8bfc01678b1021812669:hover .avia-svg-icon svg:first-child{\nfill:#ffffff;\nstroke:#ffffff;\n}\n<\/style>\n<a href='https:\/\/utbildning.ki.se\/regelverk-som-styr-utbildningen-studentratt' class='av-icon-on-hover avia-color-theme-color avia-button avia-button-fullwidth av-kctdiljt-2de47fc0b98b8bfc01678b1021812669 avia-icon_select-yes-left-icon avia-color-theme-color'  target=\"_blank\"  rel=\"noopener noreferrer\"  aria-label=\"KI:s sidor om studentr\u00e4tt\"><span class='avia_button_icon avia_button_icon_left avia-iconfont avia-font-entypo-fontello' data-av_icon='\ue8c9' data-av_iconfont='entypo-fontello' ><\/span><span class='avia_iconbox_title' >KI:s sidor om studentr\u00e4tt<\/span><span class='avia_button_background avia-button avia-button-fullwidth avia-color-theme-color-highlight'><\/span><\/a><\/div><br \/>\n<div  class='hr av-4ib2df-2abbe63b569cf6dc7789371e21815c63 hr-default  avia-builder-el-17  el_after_av_button_big  el_before_av_button_big  avia-builder-el-no-sibling '><span class='hr-inner '><span class=\"hr-inner-style\"><\/span><\/span><\/div><br \/>\n<div  class='avia-button-wrap avia-button-center  avia-builder-el-18  el_after_av_hr  el_before_av_hr '>\n<style type=\"text\/css\" data-created_by=\"avia_inline_auto\" id=\"style-css-av-kctdiljt-a94d44e6feb4210de97898f4d511902d\">\n#top #wrap_all .avia-button.av-kctdiljt-a94d44e6feb4210de97898f4d511902d:hover{\ncolor:#ffffff;\ntransition:all 0.4s ease-in-out;\n}\n#top #wrap_all .avia-button.av-kctdiljt-a94d44e6feb4210de97898f4d511902d:hover .avia-svg-icon svg:first-child{\nfill:#ffffff;\nstroke:#ffffff;\n}\n<\/style>\n<a href='https:\/\/medicinskaforeningen.se\/studentratt\/skyddsnatverket\/' class='av-icon-on-hover avia-color-theme-color avia-font-color-theme-color avia-button avia-button-fullwidth av-kctdiljt-a94d44e6feb4210de97898f4d511902d avia-icon_select-yes-left-icon avia-color-theme-color'   aria-label=\"Skyddsn\u00e4tverket\"><span class='avia_button_icon avia_button_icon_left avia-iconfont avia-font-entypo-fontello' data-av_icon='\ue80b' data-av_iconfont='entypo-fontello' ><\/span><span class='avia_iconbox_title' >Skyddsn\u00e4tverket<\/span><span class='avia_button_background avia-button avia-button-fullwidth avia-color-theme-color-highlight'><\/span><\/a><\/div><br \/>\n<div  class='hr av-m3sa0z-3241bf68399fb6edb0c6b08a3867d827 hr-default  avia-builder-el-19  el_after_av_button_big  el_before_av_button_big  avia-builder-el-no-sibling '><span class='hr-inner '><span class=\"hr-inner-style\"><\/span><\/span><\/div><br \/>\n<div  class='avia-button-wrap avia-button-center  avia-builder-el-20  el_after_av_hr  el_before_av_hr '>\n<style type=\"text\/css\" data-created_by=\"avia_inline_auto\" id=\"style-css-av-kctdiljt-f919906d2b3abf2d0628c5e29b7e8dea\">\n#top #wrap_all .avia-button.av-kctdiljt-f919906d2b3abf2d0628c5e29b7e8dea{\ncolor:#ffffff;\ntransition:all 0.4s ease-in-out;\n}\n#top #wrap_all .avia-button.av-kctdiljt-f919906d2b3abf2d0628c5e29b7e8dea:hover{\ncolor:#ffffff;\ntransition:all 0.4s ease-in-out;\n}\n#top #wrap_all .avia-button.av-kctdiljt-f919906d2b3abf2d0628c5e29b7e8dea .avia-svg-icon svg:first-child{\nfill:#ffffff;\nstroke:#ffffff;\n}\n#top #wrap_all .avia-button.av-kctdiljt-f919906d2b3abf2d0628c5e29b7e8dea:hover .avia-svg-icon svg:first-child{\nfill:#ffffff;\nstroke:#ffffff;\n}\n<\/style>\n<a href='https:\/\/medicinskaforeningen.se\/studentratt\/ombud\/' class='av-icon-on-hover avia-color-theme-color avia-button avia-button-fullwidth av-kctdiljt-f919906d2b3abf2d0628c5e29b7e8dea avia-icon_select-yes-left-icon avia-color-theme-color'   aria-label=\"Student- och doktorandombuden\"><span class='avia_button_icon avia_button_icon_left avia-iconfont avia-font-entypo-fontello' data-av_icon='\ue80b' data-av_iconfont='entypo-fontello' ><\/span><span class='avia_iconbox_title' >Student- och doktorandombuden<\/span><span class='avia_button_background avia-button avia-button-fullwidth avia-color-theme-color-highlight'><\/span><\/a><\/div><br \/>\n<div  class='hr av-m3sa0z-3241bf68399fb6edb0c6b08a3867d827 hr-default  avia-builder-el-21  el_after_av_button_big  el_before_av_button_big  avia-builder-el-no-sibling '><span class='hr-inner '><span class=\"hr-inner-style\"><\/span><\/span><\/div><br \/>\n<div  class='avia-button-wrap avia-button-center  avia-builder-el-22  el_after_av_hr  avia-builder-el-last '>\n<style type=\"text\/css\" data-created_by=\"avia_inline_auto\" id=\"style-css-av-kctdiljt-ec0fc5f46dede3c6b0ec96709e2fa174\">\n#top #wrap_all .avia-button.av-kctdiljt-ec0fc5f46dede3c6b0ec96709e2fa174{\ncolor:#ffffff;\ntransition:all 0.4s ease-in-out;\n}\n#top #wrap_all .avia-button.av-kctdiljt-ec0fc5f46dede3c6b0ec96709e2fa174:hover{\ncolor:#ffffff;\ntransition:all 0.4s ease-in-out;\n}\n#top #wrap_all .avia-button.av-kctdiljt-ec0fc5f46dede3c6b0ec96709e2fa174 .avia-svg-icon svg:first-child{\nfill:#ffffff;\nstroke:#ffffff;\n}\n#top #wrap_all .avia-button.av-kctdiljt-ec0fc5f46dede3c6b0ec96709e2fa174:hover .avia-svg-icon svg:first-child{\nfill:#ffffff;\nstroke:#ffffff;\n}\n<\/style>\n<a href='https:\/\/medicinskaforeningen.se\/studentratt\/faq\/' class='av-icon-on-hover avia-color-theme-color avia-button avia-button-fullwidth av-kctdiljt-ec0fc5f46dede3c6b0ec96709e2fa174 avia-icon_select-yes-left-icon avia-color-theme-color'   aria-label=\"Vanliga fr\u00e5gor och svar om studentr\u00e4tt\"><span class='avia_button_icon avia_button_icon_left avia-iconfont avia-font-entypo-fontello' data-av_icon='\ue81c' data-av_iconfont='entypo-fontello' ><\/span><span class='avia_iconbox_title' >Vanliga fr\u00e5gor och svar om studentr\u00e4tt<\/span><span class='avia_button_background avia-button avia-button-fullwidth avia-color-theme-color-highlight'><\/span><\/a><\/div><\/p><\/div><\/p>\n","protected":false},"excerpt":{"rendered":"","protected":false},"author":3,"featured_media":14085,"parent":0,"menu_order":0,"comment_status":"closed","ping_status":"closed","template":"","meta":{"footnotes":""},"class_list":["post-14278","page","type-page","status-publish","has-post-thumbnail","hentry"],"_links":{"self":[{"href":"https:\/\/medicinskaforeningen.se\/en\/wp-json\/wp\/v2\/pages\/14278","targetHints":{"allow":["GET"]}}],"collection":[{"href":"https:\/\/medicinskaforeningen.se\/en\/wp-json\/wp\/v2\/pages"}],"about":[{"href":"https:\/\/medicinskaforeningen.se\/en\/wp-json\/wp\/v2\/types\/page"}],"author":[{"embeddable":true,"href":"https:\/\/medicinskaforeningen.se\/en\/wp-json\/wp\/v2\/users\/3"}],"replies":[{"embeddable":true,"href":"https:\/\/medicinskaforeningen.se\/en\/wp-json\/wp\/v2\/comments?post=14278"}],"version-history":[{"count":10,"href":"https:\/\/medicinskaforeningen.se\/en\/wp-json\/wp\/v2\/pages\/14278\/revisions"}],"predecessor-version":[{"id":23476,"href":"https:\/\/medicinskaforeningen.se\/en\/wp-json\/wp\/v2\/pages\/14278\/revisions\/23476"}],"wp:featuredmedia":[{"embeddable":true,"href":"https:\/\/medicinskaforeningen.se\/en\/wp-json\/wp\/v2\/media\/14085"}],"wp:attachment":[{"href":"https:\/\/medicinskaforeningen.se\/en\/wp-json\/wp\/v2\/media?parent=14278"}],"curies":[{"name":"wp","href":"https:\/\/api.w.org\/{rel}","templated":true}]}}