{"id":16368,"date":"2020-11-14T23:07:56","date_gmt":"2020-11-14T22:07:56","guid":{"rendered":"https:\/\/medicinskaforeningen.se\/commissions\/disciplinary-commission\/"},"modified":"2022-03-19T15:09:29","modified_gmt":"2022-03-19T14:09:29","slug":"disciplinary-commission","status":"publish","type":"page","link":"https:\/\/medicinskaforeningen.se\/en\/commissions\/disciplinary-commission\/","title":{"rendered":"Disciplinary Commission"},"content":{"rendered":"\n<style type=\"text\/css\" data-created_by=\"avia_inline_auto\" id=\"style-css-av-ag32q5-33fa21d864a0b665235b5cdad9badef2\">\n.flex_column.av-ag32q5-33fa21d864a0b665235b5cdad9badef2{\nborder-radius:0px 0px 0px 0px;\npadding:0px 0px 0px 0px;\n}\n<\/style>\n<div  class='flex_column av-ag32q5-33fa21d864a0b665235b5cdad9badef2 av_one_full  avia-builder-el-0  el_before_av_two_third  avia-builder-el-first  first flex_column_div av-zero-column-padding  '     ><p>\n<style type=\"text\/css\" data-created_by=\"avia_inline_auto\" id=\"style-css-av-kcm5cydp-659b99909d867546422dcd70d1624b1b\">\n.avia-image-container.av-kcm5cydp-659b99909d867546422dcd70d1624b1b img.avia_image{\nbox-shadow:none;\n}\n.avia-image-container.av-kcm5cydp-659b99909d867546422dcd70d1624b1b .av-image-caption-overlay-center{\ncolor:#ffffff;\n}\n<\/style>\n<div  class='avia-image-container av-kcm5cydp-659b99909d867546422dcd70d1624b1b av-styling- avia-align-center  avia-builder-el-1  el_before_av_heading  avia-builder-el-first '   itemprop=\"image\" itemscope=\"itemscope\" itemtype=\"https:\/\/schema.org\/ImageObject\" ><div class=\"avia-image-container-inner\"><div class=\"avia-image-overlay-wrap\"><img decoding=\"async\" fetchpriority=\"high\" class='wp-image-10547 avia-img-lazy-loading-not-10547 avia_image ' src=\"https:\/\/medicinskaforeningen.se\/wp-content\/uploads\/2019\/09\/MF-1-180x180.png\" alt='' title='MF'  height=\"180\" width=\"180\"  itemprop=\"thumbnailUrl\" srcset=\"https:\/\/medicinskaforeningen.se\/wp-content\/uploads\/2019\/09\/MF-1-180x180.png 180w, https:\/\/medicinskaforeningen.se\/wp-content\/uploads\/2019\/09\/MF-1-80x80.png 80w, https:\/\/medicinskaforeningen.se\/wp-content\/uploads\/2019\/09\/MF-1-300x300.png 300w, https:\/\/medicinskaforeningen.se\/wp-content\/uploads\/2019\/09\/MF-1-768x768.png 768w, https:\/\/medicinskaforeningen.se\/wp-content\/uploads\/2019\/09\/MF-1-1030x1030.png 1030w, https:\/\/medicinskaforeningen.se\/wp-content\/uploads\/2019\/09\/MF-1-36x36.png 36w, https:\/\/medicinskaforeningen.se\/wp-content\/uploads\/2019\/09\/MF-1-705x705.png 705w, https:\/\/medicinskaforeningen.se\/wp-content\/uploads\/2019\/09\/MF-1-100x100.png 100w, https:\/\/medicinskaforeningen.se\/wp-content\/uploads\/2019\/09\/MF-1-450x450.png 450w, https:\/\/medicinskaforeningen.se\/wp-content\/uploads\/2019\/09\/MF-1.png 1080w\" sizes=\"(max-width: 180px) 100vw, 180px\" \/><\/div><\/div><\/div><br \/>\n\n<style type=\"text\/css\" data-created_by=\"avia_inline_auto\" id=\"style-css-av-khi89qgk-1633f6229a74ecc7ad945ef56bd597eb\">\n#top .av-special-heading.av-khi89qgk-1633f6229a74ecc7ad945ef56bd597eb{\npadding-bottom:10px;\n}\nbody .av-special-heading.av-khi89qgk-1633f6229a74ecc7ad945ef56bd597eb .av-special-heading-tag .heading-char{\nfont-size:25px;\n}\n.av-special-heading.av-khi89qgk-1633f6229a74ecc7ad945ef56bd597eb .av-subheading{\nfont-size:15px;\n}\n<\/style>\n<div  class='av-special-heading av-khi89qgk-1633f6229a74ecc7ad945ef56bd597eb av-special-heading-h1 blockquote modern-quote modern-centered  avia-builder-el-2  el_after_av_image  avia-builder-el-last '><h1 class='av-special-heading-tag '  itemprop=\"headline\"  >Disciplinary Commission<\/h1><div class=\"special-heading-border\"><div class=\"special-heading-inner-border\"><\/div><\/div><\/div><\/p><\/div>\n\n<style type=\"text\/css\" data-created_by=\"avia_inline_auto\" id=\"style-css-av-83dqhp-622223bbd067f5395b29b8a24f759406\">\n.flex_column.av-83dqhp-622223bbd067f5395b29b8a24f759406{\nborder-radius:0px 0px 0px 0px;\npadding:0px 0px 0px 0px;\n}\n<\/style>\n<div  class='flex_column av-83dqhp-622223bbd067f5395b29b8a24f759406 av_two_third  avia-builder-el-3  el_after_av_one_full  el_before_av_one_third  first flex_column_div av-zero-column-padding  column-top-margin'     ><section  class='av_textblock_section av-5a7jnx-25d529c7e5e5d5f3419c85fa870236cb '   itemscope=\"itemscope\" itemtype=\"https:\/\/schema.org\/CreativeWork\" ><div class='avia_textblock'  itemprop=\"text\" ><p><b>The Disciplinary Commission<\/b>\u00a0investigates reports on and decides about disciplinary actions towards members who have violated MF\u2019s values or rules.<\/p>\n<p>A report about an offense that may result in disciplinary action is submitted to the Board or the Inspector, who then convenes the Disciplinary Commission. The commission meets under the chairmanship of the President of MF. The Disciplinary Commission may hold interviews with a person who has information to provide which is needed for the commission\u2019s processing of a case.<\/p>\n<p>The basis for disciplinary measures and disciplinary sanctions can be found in the Regulations for the Disciplinary Commission:\u00a0<a href=\"https:\/\/medicinskaforeningen.se\/wp-content\/uploads\/2018\/08\/Reglemente-f%C3%B6r-Disciplinn%C3%A4mnden.pdf\" target=\"_blank\" rel=\"noopener\">Reglemente f\u00f6r Disciplinn\u00e4mnden<\/a>\u00a0and in the Bylaws of Medicinska F\u00f6reningen:\u00a0<a href=\"https:\/\/medicinskaforeningen.se\/wp-content\/uploads\/2019\/04\/Medicinska-F%C3%B6reningens-stadgar-2018-12-06.pdf\" target=\"_blank\" rel=\"noopener\">Medicinska F\u00f6reningens stadgar<\/a>.<\/p>\n<\/div><\/section><\/div>\n\n<style type=\"text\/css\" data-created_by=\"avia_inline_auto\" id=\"style-css-av-46pfod-2ddc6ac68499afc98c38f9f146083ad6\">\n.flex_column.av-46pfod-2ddc6ac68499afc98c38f9f146083ad6{\nborder-radius:0px 0px 0px 0px;\npadding:0px 0px 0px 0px;\n}\n<\/style>\n<div  class='flex_column av-46pfod-2ddc6ac68499afc98c38f9f146083ad6 av_one_third  avia-builder-el-5  el_after_av_two_third  avia-builder-el-last  flex_column_div av-zero-column-padding  column-top-margin'     ><p><article  class='iconbox iconbox_left_content av-1wgegd-4013d95dae5f74ee8e0aef34c6d61b47 av-icon-style-no-border  avia-builder-el-6  el_before_av_icon_box  avia-builder-el-first '  itemscope=\"itemscope\" itemtype=\"https:\/\/schema.org\/CreativeWork\" ><div class='iconbox_icon heading-color avia-iconfont avia-font-entypo-fontello' data-av_icon='\ue80b' data-av_iconfont='entypo-fontello'  ><\/div><div class=\"iconbox_content\"><header class=\"entry-content-header\" aria-label=\"Icon: \"><\/header><div class='iconbox_content_container '  itemprop=\"text\" ><p><strong>Chairperson:<\/strong><br \/>\nMF President<\/p>\n<p><strong>Members:<\/strong><br \/>\nInspector<br \/>\nMF Vice President<br \/>\nMember elected by the Board<\/p>\n<\/div><\/div><footer class=\"entry-footer\"><\/footer><\/article><br \/>\n<article  class='iconbox iconbox_left_content av-1wgegd-ac2ba6e52f214c74d100dd46c7549399 av-icon-style-no-border  avia-builder-el-7  el_after_av_icon_box  el_before_av_icon_box '  itemscope=\"itemscope\" itemtype=\"https:\/\/schema.org\/CreativeWork\" ><div class='iconbox_icon heading-color avia-iconfont avia-font-entypo-fontello' data-av_icon='\ue805' data-av_iconfont='entypo-fontello'  ><\/div><div class=\"iconbox_content\"><header class=\"entry-content-header\" aria-label=\"Icon: \"><\/header><div class='iconbox_content_container '  itemprop=\"text\" ><p><a href=\"mailto:inspektor@medicinskaforeningen.se\">inspektor@medicinskaforeningen.se<\/a><\/p>\n<\/div><\/div><footer class=\"entry-footer\"><\/footer><\/article><br \/>\n<article  class='iconbox iconbox_left_content av-1wgegd-9ce615fae2ba054704b60b4f9f821699 av-icon-style-no-border  avia-builder-el-8  el_after_av_icon_box  avia-builder-el-last '  itemscope=\"itemscope\" itemtype=\"https:\/\/schema.org\/CreativeWork\" ><div class='iconbox_icon heading-color avia-iconfont avia-font-entypo-fontello' data-av_icon='\ue823' data-av_iconfont='entypo-fontello'  ><\/div><div class=\"iconbox_content\"><header class=\"entry-content-header\" aria-label=\"Icon: \"><\/header><div class='iconbox_content_container '  itemprop=\"text\" ><p><a href=\"https:\/\/medicinskaforeningen.se\/wp-content\/uploads\/2018\/08\/Reglemente-f%C3%B6r-Disciplinn%C3%A4mnden.pdf\" target=\"_blank\" rel=\"noopener\">Reglemente f\u00f6r Disciplinn\u00e4mnden<\/a><\/p>\n<p><a href=\"https:\/\/medicinskaforeningen.se\/wp-content\/uploads\/2019\/04\/Medicinska-F%C3%B6reningens-stadgar-2018-12-06.pdf\" target=\"_blank\" rel=\"noopener\">Medicinska F\u00f6reningens stadgar<\/a> (13 kap. Om Disciplin\u00e4ra \u00e5tg\u00e4rder)<\/p>\n<\/div><\/div><footer class=\"entry-footer\"><\/footer><\/article><\/p><\/div>\n","protected":false},"excerpt":{"rendered":"","protected":false},"author":3,"featured_media":10547,"parent":14239,"menu_order":0,"comment_status":"closed","ping_status":"closed","template":"","meta":{"footnotes":""},"class_list":["post-16368","page","type-page","status-publish","has-post-thumbnail","hentry"],"_links":{"self":[{"href":"https:\/\/medicinskaforeningen.se\/en\/wp-json\/wp\/v2\/pages\/16368","targetHints":{"allow":["GET"]}}],"collection":[{"href":"https:\/\/medicinskaforeningen.se\/en\/wp-json\/wp\/v2\/pages"}],"about":[{"href":"https:\/\/medicinskaforeningen.se\/en\/wp-json\/wp\/v2\/types\/page"}],"author":[{"embeddable":true,"href":"https:\/\/medicinskaforeningen.se\/en\/wp-json\/wp\/v2\/users\/3"}],"replies":[{"embeddable":true,"href":"https:\/\/medicinskaforeningen.se\/en\/wp-json\/wp\/v2\/comments?post=16368"}],"version-history":[{"count":7,"href":"https:\/\/medicinskaforeningen.se\/en\/wp-json\/wp\/v2\/pages\/16368\/revisions"}],"predecessor-version":[{"id":22171,"href":"https:\/\/medicinskaforeningen.se\/en\/wp-json\/wp\/v2\/pages\/16368\/revisions\/22171"}],"up":[{"embeddable":true,"href":"https:\/\/medicinskaforeningen.se\/en\/wp-json\/wp\/v2\/pages\/14239"}],"wp:featuredmedia":[{"embeddable":true,"href":"https:\/\/medicinskaforeningen.se\/en\/wp-json\/wp\/v2\/media\/10547"}],"wp:attachment":[{"href":"https:\/\/medicinskaforeningen.se\/en\/wp-json\/wp\/v2\/media?parent=16368"}],"curies":[{"name":"wp","href":"https:\/\/api.w.org\/{rel}","templated":true}]}}