{"id":16802,"date":"2020-12-07T12:44:39","date_gmt":"2020-12-07T11:44:39","guid":{"rendered":"https:\/\/medicinskaforeningen.se\/?page_id=16802"},"modified":"2021-01-25T22:05:23","modified_gmt":"2021-01-25T21:05:23","slug":"strava","status":"publish","type":"page","link":"https:\/\/medicinskaforeningen.se\/en\/associations\/strava\/","title":{"rendered":"STR\u00c4VA"},"content":{"rendered":"\n<style type=\"text\/css\" data-created_by=\"avia_inline_auto\" id=\"style-css-av-av_one_full-79ff81c021393065cee878051452f6a6\">\n.flex_column.av-av_one_full-79ff81c021393065cee878051452f6a6{\nborder-radius:0px 0px 0px 0px;\npadding:0px 0px 0px 0px;\n}\n<\/style>\n<div  class='flex_column av-av_one_full-79ff81c021393065cee878051452f6a6 av_one_full  avia-builder-el-0  el_before_av_two_third  avia-builder-el-first  first flex_column_div av-zero-column-padding  '     ><p>\n<style type=\"text\/css\" data-created_by=\"avia_inline_auto\" id=\"style-css-av-kiehg1o8-20d989f3e9e87c180a14efb3ea87eff5\">\n.avia-image-container.av-kiehg1o8-20d989f3e9e87c180a14efb3ea87eff5 img.avia_image{\nbox-shadow:none;\n}\n.avia-image-container.av-kiehg1o8-20d989f3e9e87c180a14efb3ea87eff5 .av-image-caption-overlay-center{\ncolor:#ffffff;\n}\n<\/style>\n<div  class='avia-image-container av-kiehg1o8-20d989f3e9e87c180a14efb3ea87eff5 av-styling-circle avia-align-center  avia-builder-el-1  el_before_av_heading  avia-builder-el-first '   itemprop=\"image\" itemscope=\"itemscope\" itemtype=\"https:\/\/schema.org\/ImageObject\" ><div class=\"avia-image-container-inner\"><div class=\"avia-image-overlay-wrap\"><img decoding=\"async\" fetchpriority=\"high\" class='wp-image-16795 avia-img-lazy-loading-not-16795 avia_image ' src=\"https:\/\/medicinskaforeningen.se\/wp-content\/uploads\/2020\/12\/118234356_10164151038660344_7774226456859608891_o-300x300.jpg\" alt='' title='STR\u00c4VA'  height=\"300\" width=\"300\"  itemprop=\"thumbnailUrl\" srcset=\"https:\/\/medicinskaforeningen.se\/wp-content\/uploads\/2020\/12\/118234356_10164151038660344_7774226456859608891_o-300x300.jpg 300w, https:\/\/medicinskaforeningen.se\/wp-content\/uploads\/2020\/12\/118234356_10164151038660344_7774226456859608891_o-1030x1030.jpg 1030w, https:\/\/medicinskaforeningen.se\/wp-content\/uploads\/2020\/12\/118234356_10164151038660344_7774226456859608891_o-80x80.jpg 80w, https:\/\/medicinskaforeningen.se\/wp-content\/uploads\/2020\/12\/118234356_10164151038660344_7774226456859608891_o-768x768.jpg 768w, https:\/\/medicinskaforeningen.se\/wp-content\/uploads\/2020\/12\/118234356_10164151038660344_7774226456859608891_o-1536x1536.jpg 1536w, https:\/\/medicinskaforeningen.se\/wp-content\/uploads\/2020\/12\/118234356_10164151038660344_7774226456859608891_o.jpg 2048w, https:\/\/medicinskaforeningen.se\/wp-content\/uploads\/2020\/12\/118234356_10164151038660344_7774226456859608891_o-36x36.jpg 36w, https:\/\/medicinskaforeningen.se\/wp-content\/uploads\/2020\/12\/118234356_10164151038660344_7774226456859608891_o-180x180.jpg 180w, https:\/\/medicinskaforeningen.se\/wp-content\/uploads\/2020\/12\/118234356_10164151038660344_7774226456859608891_o-1500x1500.jpg 1500w, https:\/\/medicinskaforeningen.se\/wp-content\/uploads\/2020\/12\/118234356_10164151038660344_7774226456859608891_o-705x705.jpg 705w\" sizes=\"(max-width: 300px) 100vw, 300px\" \/><\/div><\/div><\/div><br \/>\n\n<style type=\"text\/css\" data-created_by=\"avia_inline_auto\" id=\"style-css-av-kkd2483z-fc5f5268e93b276f5653fc60dcb536ed\">\n#top .av-special-heading.av-kkd2483z-fc5f5268e93b276f5653fc60dcb536ed{\npadding-bottom:10px;\n}\nbody .av-special-heading.av-kkd2483z-fc5f5268e93b276f5653fc60dcb536ed .av-special-heading-tag .heading-char{\nfont-size:25px;\n}\n.av-special-heading.av-kkd2483z-fc5f5268e93b276f5653fc60dcb536ed .av-subheading{\nfont-size:15px;\n}\n<\/style>\n<div  class='av-special-heading av-kkd2483z-fc5f5268e93b276f5653fc60dcb536ed av-special-heading-h1 blockquote modern-quote modern-centered  avia-builder-el-2  el_after_av_image  avia-builder-el-last '><h1 class='av-special-heading-tag '  itemprop=\"headline\"  >STR\u00c4VA<\/h1><div class='av-subheading av-subheading_below'><p>&#8211; Studenter f\u00f6r en r\u00e4ttvis v\u00e5rd &#038; akademi<\/p>\n<\/div><div class=\"special-heading-border\"><div class=\"special-heading-inner-border\"><\/div><\/div><\/div><\/p><\/div>\n<style type=\"text\/css\" data-created_by=\"avia_inline_auto\" id=\"style-css-av-av_two_third-79ff81c021393065cee878051452f6a6\">\n.flex_column.av-av_two_third-79ff81c021393065cee878051452f6a6{\nborder-radius:0px 0px 0px 0px;\npadding:0px 0px 0px 0px;\n}\n<\/style>\n<div  class='flex_column av-av_two_third-79ff81c021393065cee878051452f6a6 av_two_third  avia-builder-el-3  el_after_av_one_full  el_before_av_one_third  first flex_column_div av-zero-column-padding  column-top-margin'     ><p><div  class='avia-video av-kkd24h9q-bad7c1cd28477eac5f5c19cff01921b4 avia-video-16-9 av-no-preview-image avia-video-load-always av-lazyload-immediate av-lazyload-video-embed'  itemprop=\"video\" itemtype=\"https:\/\/schema.org\/VideoObject\"  data-original_url='https:\/\/youtu.be\/ArPcFJAEj6E'><script type='text\/html' class='av-video-tmpl'><div class='avia-iframe-wrap'><iframe loading=\"lazy\" title=\"Infopub STR\u00c4VA VT21\" width=\"1500\" height=\"844\" src=\"https:\/\/www.youtube.com\/embed\/ArPcFJAEj6E?feature=oembed&autoplay=0&loop=0&controls=1&mute=0\" frameborder=\"0\" allow=\"accelerometer; autoplay; clipboard-write; encrypted-media; gyroscope; picture-in-picture\" allowfullscreen><\/iframe><\/div><\/script><div class='av-click-to-play-overlay'><div class=\"avia_playpause_icon\"><\/div><\/div><\/div><br \/>\n<section  class='av_textblock_section av-kiehl7cf-7bb27d7e882d5a3430a5997ed77b933f '   itemscope=\"itemscope\" itemtype=\"https:\/\/schema.org\/CreativeWork\" ><div class='avia_textblock'  itemprop=\"text\" ><p dir=\"ltr\"><strong>STR\u00c4VA<\/strong> is a group of students and alumni from Karolinska Institutet, who believe in a healthcare system that is equal and available to all. We believe that healthcare should be given based on need and that access to it is a human right.\u00a0<b><\/b><\/p>\n<p dir=\"ltr\">However, we do not believe that fair healthcare happens by itself.\u00a0<b><\/b><\/p>\n<p dir=\"ltr\">How can we ensure equal care in the future, when almost all education at KI is based on white male anatomy, even though symptoms and diagnoses can differ significantly between different bodies?\u00a0<b><\/b><\/p>\n<p dir=\"ltr\">How can we ensure that care is received based on need, when the healthcare system allows for-profit companies to make large gains on minor ailments, while the weakest patients and those with multiple illnesses are neglected?<b><\/b><\/p>\n<p dir=\"ltr\">We live in a city where the average life expectancy for a person in V\u00e5rby with a low level of education and a person in Danderyd with a high level of education, differs by 18 years (<a href=\"https:\/\/www.svt.se\/nyheter\/val2014\/hogutbildad-i-danderyd-lever-18-ar-langre-an-lagutbildad-i-varby?fbclid=IwAR38ua2ST0aMoZo0048ySYgGG-abrIrWVOsMC1f6kewe3FEuMcv8Z2yaOFk\" target=\"_blank\" rel=\"noopener noreferrer\">Read more here<\/a>)<\/p>\n<p dir=\"ltr\">The healthcare system must ensure that a person\u2019s health is independent of class. We do not believe it will be an easy task. On the contrary, the road ahead is long and arduous. But a journey of a thousand miles begins with a single step.<\/p>\n<p dir=\"ltr\">Will you take it with us?<\/p>\n<p dir=\"ltr\">Become a STR\u00c4VA-member <a href=\"https:\/\/docs.google.com\/forms\/d\/e\/1FAIpQLSfYpe-UOwIOKiniQ0TUlRuf3BBIVkcCwH9dVWEXEoL6voq5Fw\/viewform\" target=\"_blank\" rel=\"noopener noreferrer\">here<\/a> or contact us via email!<\/p>\n<\/div><\/section><\/p><\/div>\n<style type=\"text\/css\" data-created_by=\"avia_inline_auto\" id=\"style-css-av-av_one_third-49f6e875884219cf77c24341e550af53\">\n.flex_column.av-av_one_third-49f6e875884219cf77c24341e550af53{\nborder-radius:0px 0px 0px 0px;\npadding:0px 0px 0px 0px;\n}\n<\/style>\n<div  class='flex_column av-av_one_third-49f6e875884219cf77c24341e550af53 av_one_third  avia-builder-el-6  el_after_av_two_third  avia-builder-el-last  flex_column_div av-zero-column-padding  column-top-margin'     ><p><article  class='iconbox iconbox_left_content av-kiehhi3j-56cff860611dca1b250a78423b732e8e av-icon-style-no-border  avia-builder-el-7  el_before_av_icon_box  avia-builder-el-first '  itemscope=\"itemscope\" itemtype=\"https:\/\/schema.org\/CreativeWork\" ><div class='iconbox_icon heading-color avia-iconfont avia-font-entypo-fontello' data-av_icon='\ue8f5' data-av_iconfont='entypo-fontello'  ><\/div><div class=\"iconbox_content\"><header class=\"entry-content-header\" aria-label=\"Icon: \"><\/header><div class='iconbox_content_container '  itemprop=\"text\" ><p><strong><a href=\"https:\/\/www.facebook.com\/Studenter-f%C3%B6r-en-R%C3%A4ttvis-V%C3%A5rd-Akademi-Str%C3%A4va-639022970061351\" target=\"_blank\" rel=\"noopener noreferrer\">STR\u00c4VA on Facebook<\/a><\/strong><\/p>\n<\/div><\/div><footer class=\"entry-footer\"><\/footer><\/article><br \/>\n<article  class='iconbox iconbox_left_content av-kiehhi3j-2adf53dee7f3f52908118923f5ef9d26 av-icon-style-no-border  avia-builder-el-8  el_after_av_icon_box  el_before_av_icon_box '  itemscope=\"itemscope\" itemtype=\"https:\/\/schema.org\/CreativeWork\" ><div class='iconbox_icon heading-color avia-iconfont avia-font-entypo-fontello' data-av_icon='\ue909' data-av_iconfont='entypo-fontello'  ><\/div><div class=\"iconbox_content\"><header class=\"entry-content-header\" aria-label=\"Icon: \"><\/header><div class='iconbox_content_container '  itemprop=\"text\" ><p><strong><a href=\"https:\/\/instagram.com\/strava_ki?igshid=epswsfj3ruag\" target=\"_blank\" rel=\"noopener noreferrer\">STR\u00c4VA on Instagram<\/a><\/strong><\/p>\n<\/div><\/div><footer class=\"entry-footer\"><\/footer><\/article><br \/>\n<article  class='iconbox iconbox_left_content av-kiehhi3j-ba1ee9f4601a6d336af3bc930cae06d6 av-icon-style-no-border  avia-builder-el-9  el_after_av_icon_box  avia-builder-el-last '  itemscope=\"itemscope\" itemtype=\"https:\/\/schema.org\/CreativeWork\" ><div class='iconbox_icon heading-color avia-iconfont avia-font-entypo-fontello' data-av_icon='\ue805' data-av_iconfont='entypo-fontello'  ><\/div><div class=\"iconbox_content\"><header class=\"entry-content-header\" aria-label=\"Icon: \"><\/header><div class='iconbox_content_container '  itemprop=\"text\" ><p><a href=\"mailto:strava@medicinskaforeningen.se\">strava@medicinskaforeningen.se<\/a><\/p>\n<\/div><\/div><footer class=\"entry-footer\"><\/footer><\/article><\/p><\/div><\/p>\n","protected":false},"excerpt":{"rendered":"","protected":false},"author":18,"featured_media":16795,"parent":499,"menu_order":0,"comment_status":"closed","ping_status":"closed","template":"","meta":{"footnotes":""},"class_list":["post-16802","page","type-page","status-publish","has-post-thumbnail","hentry"],"_links":{"self":[{"href":"https:\/\/medicinskaforeningen.se\/en\/wp-json\/wp\/v2\/pages\/16802","targetHints":{"allow":["GET"]}}],"collection":[{"href":"https:\/\/medicinskaforeningen.se\/en\/wp-json\/wp\/v2\/pages"}],"about":[{"href":"https:\/\/medicinskaforeningen.se\/en\/wp-json\/wp\/v2\/types\/page"}],"author":[{"embeddable":true,"href":"https:\/\/medicinskaforeningen.se\/en\/wp-json\/wp\/v2\/users\/18"}],"replies":[{"embeddable":true,"href":"https:\/\/medicinskaforeningen.se\/en\/wp-json\/wp\/v2\/comments?post=16802"}],"version-history":[{"count":4,"href":"https:\/\/medicinskaforeningen.se\/en\/wp-json\/wp\/v2\/pages\/16802\/revisions"}],"predecessor-version":[{"id":17246,"href":"https:\/\/medicinskaforeningen.se\/en\/wp-json\/wp\/v2\/pages\/16802\/revisions\/17246"}],"up":[{"embeddable":true,"href":"https:\/\/medicinskaforeningen.se\/en\/wp-json\/wp\/v2\/pages\/499"}],"wp:featuredmedia":[{"embeddable":true,"href":"https:\/\/medicinskaforeningen.se\/en\/wp-json\/wp\/v2\/media\/16795"}],"wp:attachment":[{"href":"https:\/\/medicinskaforeningen.se\/en\/wp-json\/wp\/v2\/media?parent=16802"}],"curies":[{"name":"wp","href":"https:\/\/api.w.org\/{rel}","templated":true}]}}