{"id":487,"date":"2017-08-23T11:09:37","date_gmt":"2017-08-23T09:09:37","guid":{"rendered":"https:\/\/medicinskaforeningen.se\/studentlife\/"},"modified":"2022-10-19T19:26:55","modified_gmt":"2022-10-19T17:26:55","slug":"studentlife","status":"publish","type":"page","link":"https:\/\/medicinskaforeningen.se\/en\/studentlife\/","title":{"rendered":"Student life"},"content":{"rendered":"\n<style type=\"text\/css\" data-created_by=\"avia_inline_auto\" id=\"style-css-av-1ghpfb-df83febad0f93991ec19e1eae41d76f2\">\n.flex_column.av-1ghpfb-df83febad0f93991ec19e1eae41d76f2{\nborder-radius:0px 0px 0px 0px;\npadding:0px 0px 0px 0px;\n}\n<\/style>\n<div  class='flex_column av-1ghpfb-df83febad0f93991ec19e1eae41d76f2 av_one_full  avia-builder-el-0  el_before_av_one_fourth  avia-builder-el-first  first flex_column_div av-zero-column-padding  '     ><p>\n<style type=\"text\/css\" data-created_by=\"avia_inline_auto\" id=\"style-css-av-kctdx5c7-86301d939e52fdca5af7d981769f43cd\">\n.avia-image-container.av-kctdx5c7-86301d939e52fdca5af7d981769f43cd img.avia_image{\nbox-shadow:none;\n}\n.avia-image-container.av-kctdx5c7-86301d939e52fdca5af7d981769f43cd .av-image-caption-overlay-center{\ncolor:#ffffff;\n}\n<\/style>\n<div  class='avia-image-container av-kctdx5c7-86301d939e52fdca5af7d981769f43cd av-styling-circle avia-align-center  avia-builder-el-1  el_before_av_heading  avia-builder-el-first '   itemprop=\"image\" itemscope=\"itemscope\" itemtype=\"https:\/\/schema.org\/ImageObject\" ><div class=\"avia-image-container-inner\"><div class=\"avia-image-overlay-wrap\"><img decoding=\"async\" fetchpriority=\"high\" class='wp-image-14102 avia-img-lazy-loading-not-14102 avia_image ' src=\"https:\/\/medicinskaforeningen.se\/wp-content\/uploads\/2020\/07\/Studentliv-300x300.jpg\" alt='' title='Studentliv'  height=\"300\" width=\"300\"  itemprop=\"thumbnailUrl\" srcset=\"https:\/\/medicinskaforeningen.se\/wp-content\/uploads\/2020\/07\/Studentliv-300x300.jpg 300w, https:\/\/medicinskaforeningen.se\/wp-content\/uploads\/2020\/07\/Studentliv-80x80.jpg 80w, https:\/\/medicinskaforeningen.se\/wp-content\/uploads\/2020\/07\/Studentliv-768x767.jpg 768w, https:\/\/medicinskaforeningen.se\/wp-content\/uploads\/2020\/07\/Studentliv-36x36.jpg 36w, https:\/\/medicinskaforeningen.se\/wp-content\/uploads\/2020\/07\/Studentliv-180x180.jpg 180w, https:\/\/medicinskaforeningen.se\/wp-content\/uploads\/2020\/07\/Studentliv-705x705.jpg 705w, https:\/\/medicinskaforeningen.se\/wp-content\/uploads\/2020\/07\/Studentliv.jpg 911w\" sizes=\"(max-width: 300px) 100vw, 300px\" \/><\/div><\/div><\/div><br \/>\n\n<style type=\"text\/css\" data-created_by=\"avia_inline_auto\" id=\"style-css-av-kctdxadx-8b5c8c659b234561753266dce6cd9402\">\n#top .av-special-heading.av-kctdxadx-8b5c8c659b234561753266dce6cd9402{\npadding-bottom:15px;\n}\nbody .av-special-heading.av-kctdxadx-8b5c8c659b234561753266dce6cd9402 .av-special-heading-tag .heading-char{\nfont-size:25px;\n}\n.av-special-heading.av-kctdxadx-8b5c8c659b234561753266dce6cd9402 .av-subheading{\nfont-size:15px;\n}\n<\/style>\n<div  class='av-special-heading av-kctdxadx-8b5c8c659b234561753266dce6cd9402 av-special-heading-h1 custom-color-heading blockquote modern-quote modern-centered  avia-builder-el-2  el_after_av_image  el_before_av_textblock '><h1 class='av-special-heading-tag '  itemprop=\"headline\"  >Student life<\/h1><div class=\"special-heading-border\"><div class=\"special-heading-inner-border\"><\/div><\/div><\/div><br \/>\n<section  class='av_textblock_section av-1xs9gn-9ca82b39b61bb99a60c1e55c3e8d8096 '   itemscope=\"itemscope\" itemtype=\"https:\/\/schema.org\/CreativeWork\" ><div class='avia_textblock av_inherit_color'  itemprop=\"text\" ><p>Medicinska F\u00f6reningen finns h\u00e4r f\u00f6r att f\u00f6rgylla din studietid. Vi arrangerar o\u00e4ndligt med roliga och sp\u00e4nnande aktiviteter \u00e5ret runt. Allt fr\u00e5n fester s\u00e5 som Amphioxgasquen och Luciabalen, till idrottsaktiviteter s\u00e5 som volleyboll, innebandy eller basket. H\u00e4ng med och l\u00e4r k\u00e4nna nya v\u00e4nner!<\/p>\n<p>Att engagera dig i n\u00e5got av de m\u00e5nga k\u00e5rf\u00f6reningarna, utskotten eller sektionerna p\u00e5 MF\u00a0\u00e4r det absolut b\u00e4sta s\u00e4ttet att tr\u00e4ffa nya v\u00e4nner och se till att din tid p\u00e5 KI inte bara handlar om studier! Vad du \u00e4n \u00e4r intresserad av s\u00e5 har vi n\u00e5got f\u00f6r dig, och om vi inte har det \u2013 kontakta oss s\u00e5 hj\u00e4lper vi dig att starta upp det!<\/p>\n<p>Nedan hittar du mer information om m\u00e5ngfaldet av aktiviteter vi har att erbjuda dig som medlem i MF. Om du hittar n\u00e5got du tycker l\u00e5ter intressant, tveka inte att h\u00f6ra av dig till oss!<\/p>\n<p>Om du k\u00e4nner dig os\u00e4ker p\u00e5 vem du ska kontakta, skriv d\u00e5 till v\u00e5r administrat\u00f6r p\u00e5\u00a0<a href=\"mailto:karx@medicinskaforeningen.se\">karx@medicinskaforeningen.se<\/a>\u00a0s\u00e5 pekar vi dig i r\u00e4tt riktning.<\/p>\n<\/div><\/section><\/p><\/div>\n\n<style type=\"text\/css\" data-created_by=\"avia_inline_auto\" id=\"style-css-av-19wco7-d76069a7e3beea958537bd04a40e0f2c\">\n.flex_column.av-19wco7-d76069a7e3beea958537bd04a40e0f2c{\nborder-radius:0px 0px 0px 0px;\npadding:0px 0px 0px 0px;\n}\n<\/style>\n<div  class='flex_column av-19wco7-d76069a7e3beea958537bd04a40e0f2c av_one_fourth  avia-builder-el-4  el_after_av_one_full  el_before_av_one_fourth  first flex_column_div av-zero-column-padding  column-top-margin'     ><style type=\"text\/css\" data-created_by=\"avia_inline_auto\" id=\"style-css-av-kctdx5c7-3e49a5a99b64f3c2b98fbf72b679b23f\">\n.avia-image-container.av-kctdx5c7-3e49a5a99b64f3c2b98fbf72b679b23f img.avia_image{\nbox-shadow:none;\n}\n.avia-image-container.av-kctdx5c7-3e49a5a99b64f3c2b98fbf72b679b23f .av-caption-image-overlay-bg{\nopacity:1;\nbackground-color:#fea31c;\n}\n.avia-image-container.av-kctdx5c7-3e49a5a99b64f3c2b98fbf72b679b23f .av-image-caption-overlay-center{\ncolor:#ffffff;\nfont-size:30px;\n}\n<\/style>\n<div  class='avia-image-container av-kctdx5c7-3e49a5a99b64f3c2b98fbf72b679b23f av-styling- av-img-linked avia-align-center  avia-builder-el-5  avia-builder-el-no-sibling  noHover av-overlay-on-hover'   itemprop=\"image\" itemscope=\"itemscope\" itemtype=\"https:\/\/schema.org\/ImageObject\" ><div class=\"avia-image-container-inner\"><div class=\"avia-image-overlay-wrap\"><a href=\"https:\/\/medicinskaforeningen.se\/medlem\/ny-student\/\" class='avia_image '  aria-label='Ny student'><div class=\"av-image-caption-overlay\"><div class=\"av-caption-image-overlay-bg\"><\/div><div class=\"av-image-caption-overlay-position\"><div class=\"av-image-caption-overlay-center\"><p>Ny student<\/p>\n<\/div><\/div><\/div><img decoding=\"async\" fetchpriority=\"high\" class='wp-image-14110 avia-img-lazy-loading-not-14110 avia_image ' src=\"https:\/\/medicinskaforeningen.se\/wp-content\/uploads\/2020\/07\/Ny-student-300x300.jpg\" alt='' title='Ny student'  height=\"300\" width=\"300\"  itemprop=\"thumbnailUrl\" srcset=\"https:\/\/medicinskaforeningen.se\/wp-content\/uploads\/2020\/07\/Ny-student-300x300.jpg 300w, https:\/\/medicinskaforeningen.se\/wp-content\/uploads\/2020\/07\/Ny-student-1030x1030.jpg 1030w, https:\/\/medicinskaforeningen.se\/wp-content\/uploads\/2020\/07\/Ny-student-80x80.jpg 80w, https:\/\/medicinskaforeningen.se\/wp-content\/uploads\/2020\/07\/Ny-student-768x768.jpg 768w, https:\/\/medicinskaforeningen.se\/wp-content\/uploads\/2020\/07\/Ny-student-36x36.jpg 36w, https:\/\/medicinskaforeningen.se\/wp-content\/uploads\/2020\/07\/Ny-student-180x180.jpg 180w, https:\/\/medicinskaforeningen.se\/wp-content\/uploads\/2020\/07\/Ny-student-705x705.jpg 705w, https:\/\/medicinskaforeningen.se\/wp-content\/uploads\/2020\/07\/Ny-student.jpg 1080w\" sizes=\"(max-width: 300px) 100vw, 300px\" \/><\/a><\/div><\/div><\/div><\/div>\n\n<style type=\"text\/css\" data-created_by=\"avia_inline_auto\" id=\"style-css-av-13nnxr-a5db8530498d7128353252e6a87f45ac\">\n.flex_column.av-13nnxr-a5db8530498d7128353252e6a87f45ac{\nborder-radius:0px 0px 0px 0px;\npadding:0px 0px 0px 0px;\n}\n<\/style>\n<div  class='flex_column av-13nnxr-a5db8530498d7128353252e6a87f45ac av_one_fourth  avia-builder-el-6  el_after_av_one_fourth  el_before_av_one_fourth  flex_column_div av-zero-column-padding  column-top-margin'     ><style type=\"text\/css\" data-created_by=\"avia_inline_auto\" id=\"style-css-av-kctdx5c7-93665b50342110e5c4b01a8613335aa4\">\n.avia-image-container.av-kctdx5c7-93665b50342110e5c4b01a8613335aa4 img.avia_image{\nbox-shadow:none;\n}\n.avia-image-container.av-kctdx5c7-93665b50342110e5c4b01a8613335aa4 .av-caption-image-overlay-bg{\nopacity:1;\nbackground-color:#fea31c;\n}\n.avia-image-container.av-kctdx5c7-93665b50342110e5c4b01a8613335aa4 .av-image-caption-overlay-center{\ncolor:#ffffff;\nfont-size:30px;\n}\n<\/style>\n<div  class='avia-image-container av-kctdx5c7-93665b50342110e5c4b01a8613335aa4 av-styling- av-img-linked avia-align-center  avia-builder-el-7  avia-builder-el-no-sibling  noHover av-overlay-on-hover'   itemprop=\"image\" itemscope=\"itemscope\" itemtype=\"https:\/\/schema.org\/ImageObject\" ><div class=\"avia-image-container-inner\"><div class=\"avia-image-overlay-wrap\"><a href=\"https:\/\/medicinskaforeningen.se\/studentliv\/evenemang\/\" class='avia_image '  aria-label='Evenemang'><div class=\"av-image-caption-overlay\"><div class=\"av-caption-image-overlay-bg\"><\/div><div class=\"av-image-caption-overlay-position\"><div class=\"av-image-caption-overlay-center\"><p>Evenemang<\/p>\n<\/div><\/div><\/div><img decoding=\"async\" fetchpriority=\"high\" class='wp-image-14108 avia-img-lazy-loading-not-14108 avia_image ' src=\"https:\/\/medicinskaforeningen.se\/wp-content\/uploads\/2020\/07\/Evenemang-300x300.jpg\" alt='' title='Evenemang'  height=\"300\" width=\"300\"  itemprop=\"thumbnailUrl\" srcset=\"https:\/\/medicinskaforeningen.se\/wp-content\/uploads\/2020\/07\/Evenemang-300x300.jpg 300w, https:\/\/medicinskaforeningen.se\/wp-content\/uploads\/2020\/07\/Evenemang-1030x1030.jpg 1030w, https:\/\/medicinskaforeningen.se\/wp-content\/uploads\/2020\/07\/Evenemang-80x80.jpg 80w, https:\/\/medicinskaforeningen.se\/wp-content\/uploads\/2020\/07\/Evenemang-768x768.jpg 768w, https:\/\/medicinskaforeningen.se\/wp-content\/uploads\/2020\/07\/Evenemang-36x36.jpg 36w, https:\/\/medicinskaforeningen.se\/wp-content\/uploads\/2020\/07\/Evenemang-180x180.jpg 180w, https:\/\/medicinskaforeningen.se\/wp-content\/uploads\/2020\/07\/Evenemang-705x705.jpg 705w, https:\/\/medicinskaforeningen.se\/wp-content\/uploads\/2020\/07\/Evenemang.jpg 1080w\" sizes=\"(max-width: 300px) 100vw, 300px\" \/><\/a><\/div><\/div><\/div><\/div>\n<style type=\"text\/css\" data-created_by=\"avia_inline_auto\" id=\"style-css-av-wl19r-2a13c13296613cecd890f156c029c0c8\">\n.flex_column.av-wl19r-2a13c13296613cecd890f156c029c0c8{\nborder-radius:0px 0px 0px 0px;\npadding:0px 0px 0px 0px;\n}\n<\/style>\n<div  class='flex_column av-wl19r-2a13c13296613cecd890f156c029c0c8 av_one_fourth  avia-builder-el-8  el_after_av_one_fourth  el_before_av_one_fourth  flex_column_div av-zero-column-padding  column-top-margin'     ><style type=\"text\/css\" data-created_by=\"avia_inline_auto\" id=\"style-css-av-kctdx5c7-8be488e9955e5964f374a34281e3161d\">\n.avia-image-container.av-kctdx5c7-8be488e9955e5964f374a34281e3161d img.avia_image{\nbox-shadow:none;\n}\n.avia-image-container.av-kctdx5c7-8be488e9955e5964f374a34281e3161d .av-caption-image-overlay-bg{\nopacity:1;\nbackground-color:#fea31c;\n}\n.avia-image-container.av-kctdx5c7-8be488e9955e5964f374a34281e3161d .av-image-caption-overlay-center{\ncolor:#ffffff;\nfont-size:30px;\n}\n<\/style>\n<div  class='avia-image-container av-kctdx5c7-8be488e9955e5964f374a34281e3161d av-styling- av-img-linked avia-align-center  avia-builder-el-9  avia-builder-el-no-sibling  noHover av-overlay-on-hover'   itemprop=\"image\" itemscope=\"itemscope\" itemtype=\"https:\/\/schema.org\/ImageObject\" ><div class=\"avia-image-container-inner\"><div class=\"avia-image-overlay-wrap\"><a href=\"https:\/\/medicinskaforeningen.se\/studentliv\/karorgan-och-foreningar\/\" class='avia_image '  aria-label='K\u00e5rorgan och k\u00e5rf\u00f6reningar'><div class=\"av-image-caption-overlay\"><div class=\"av-caption-image-overlay-bg\"><\/div><div class=\"av-image-caption-overlay-position\"><div class=\"av-image-caption-overlay-center\"><p>K\u00e5rorgan &amp; k\u00e5rf\u00f6reningar<\/p>\n<\/div><\/div><\/div><img decoding=\"async\" fetchpriority=\"high\" class='wp-image-14106 avia-img-lazy-loading-not-14106 avia_image ' src=\"https:\/\/medicinskaforeningen.se\/wp-content\/uploads\/2020\/07\/K\u00e5rorgan-och-k\u00e5rf\u00f6reningar-300x300.jpg\" alt='' title='K\u00e5rorgan och k\u00e5rf\u00f6reningar'  height=\"300\" width=\"300\"  itemprop=\"thumbnailUrl\" srcset=\"https:\/\/medicinskaforeningen.se\/wp-content\/uploads\/2020\/07\/K\u00e5rorgan-och-k\u00e5rf\u00f6reningar-300x300.jpg 300w, https:\/\/medicinskaforeningen.se\/wp-content\/uploads\/2020\/07\/K\u00e5rorgan-och-k\u00e5rf\u00f6reningar-1030x1030.jpg 1030w, https:\/\/medicinskaforeningen.se\/wp-content\/uploads\/2020\/07\/K\u00e5rorgan-och-k\u00e5rf\u00f6reningar-80x80.jpg 80w, https:\/\/medicinskaforeningen.se\/wp-content\/uploads\/2020\/07\/K\u00e5rorgan-och-k\u00e5rf\u00f6reningar-768x768.jpg 768w, https:\/\/medicinskaforeningen.se\/wp-content\/uploads\/2020\/07\/K\u00e5rorgan-och-k\u00e5rf\u00f6reningar-36x36.jpg 36w, https:\/\/medicinskaforeningen.se\/wp-content\/uploads\/2020\/07\/K\u00e5rorgan-och-k\u00e5rf\u00f6reningar-180x180.jpg 180w, https:\/\/medicinskaforeningen.se\/wp-content\/uploads\/2020\/07\/K\u00e5rorgan-och-k\u00e5rf\u00f6reningar-705x705.jpg 705w, https:\/\/medicinskaforeningen.se\/wp-content\/uploads\/2020\/07\/K\u00e5rorgan-och-k\u00e5rf\u00f6reningar.jpg 1080w\" sizes=\"(max-width: 300px) 100vw, 300px\" \/><\/a><\/div><\/div><\/div><\/div><\/p>\n\n<style type=\"text\/css\" data-created_by=\"avia_inline_auto\" id=\"style-css-av-ouz8n-1adf88956925ca5655941a9fb40d6d09\">\n.flex_column.av-ouz8n-1adf88956925ca5655941a9fb40d6d09{\nborder-radius:0px 0px 0px 0px;\npadding:0px 0px 0px 0px;\n}\n<\/style>\n<div  class='flex_column av-ouz8n-1adf88956925ca5655941a9fb40d6d09 av_one_fourth  avia-builder-el-10  el_after_av_one_fourth  el_before_av_hr  flex_column_div av-zero-column-padding  column-top-margin'     ><style type=\"text\/css\" data-created_by=\"avia_inline_auto\" id=\"style-css-av-kctdx5c7-448904c8235eafe62f7c8a739feb6553\">\n.avia-image-container.av-kctdx5c7-448904c8235eafe62f7c8a739feb6553 img.avia_image{\nbox-shadow:none;\n}\n.avia-image-container.av-kctdx5c7-448904c8235eafe62f7c8a739feb6553 .av-caption-image-overlay-bg{\nopacity:1;\nbackground-color:#fea31c;\n}\n.avia-image-container.av-kctdx5c7-448904c8235eafe62f7c8a739feb6553 .av-image-caption-overlay-center{\ncolor:#ffffff;\nfont-size:30px;\n}\n<\/style>\n<div  class='avia-image-container av-kctdx5c7-448904c8235eafe62f7c8a739feb6553 av-styling- av-img-linked avia-align-center  avia-builder-el-11  avia-builder-el-no-sibling  noHover av-overlay-on-hover'   itemprop=\"image\" itemscope=\"itemscope\" itemtype=\"https:\/\/schema.org\/ImageObject\" ><div class=\"avia-image-container-inner\"><div class=\"avia-image-overlay-wrap\"><a href=\"https:\/\/medicinskaforeningen.se\/studentliv\/for-karaktiva\/\" class='avia_image '  aria-label='F\u00f6r k\u00e5raktiva'><div class=\"av-image-caption-overlay\"><div class=\"av-caption-image-overlay-bg\"><\/div><div class=\"av-image-caption-overlay-position\"><div class=\"av-image-caption-overlay-center\"><p>F\u00f6r k\u00e5raktiva<\/p>\n<\/div><\/div><\/div><img decoding=\"async\" fetchpriority=\"high\" class='wp-image-14104 avia-img-lazy-loading-not-14104 avia_image ' src=\"https:\/\/medicinskaforeningen.se\/wp-content\/uploads\/2020\/07\/F\u00f6r-k\u00e5raktiva-300x300.jpg\" alt='' title='F\u00f6r k\u00e5raktiva'  height=\"300\" width=\"300\"  itemprop=\"thumbnailUrl\" srcset=\"https:\/\/medicinskaforeningen.se\/wp-content\/uploads\/2020\/07\/F\u00f6r-k\u00e5raktiva-300x300.jpg 300w, https:\/\/medicinskaforeningen.se\/wp-content\/uploads\/2020\/07\/F\u00f6r-k\u00e5raktiva-1030x1030.jpg 1030w, https:\/\/medicinskaforeningen.se\/wp-content\/uploads\/2020\/07\/F\u00f6r-k\u00e5raktiva-80x80.jpg 80w, https:\/\/medicinskaforeningen.se\/wp-content\/uploads\/2020\/07\/F\u00f6r-k\u00e5raktiva-768x768.jpg 768w, https:\/\/medicinskaforeningen.se\/wp-content\/uploads\/2020\/07\/F\u00f6r-k\u00e5raktiva-36x36.jpg 36w, https:\/\/medicinskaforeningen.se\/wp-content\/uploads\/2020\/07\/F\u00f6r-k\u00e5raktiva-180x180.jpg 180w, https:\/\/medicinskaforeningen.se\/wp-content\/uploads\/2020\/07\/F\u00f6r-k\u00e5raktiva-705x705.jpg 705w, https:\/\/medicinskaforeningen.se\/wp-content\/uploads\/2020\/07\/F\u00f6r-k\u00e5raktiva.jpg 1080w\" sizes=\"(max-width: 300px) 100vw, 300px\" \/><\/a><\/div><\/div><\/div><\/div>\n<div  class='hr av-jxm7j-1a5dcd78ed672a3d59df6a4b4edeeb8a hr-default  avia-builder-el-12  el_after_av_one_fourth  el_before_av_one_third '><span class='hr-inner '><span class=\"hr-inner-style\"><\/span><\/span><\/div>\n\n<style type=\"text\/css\" data-created_by=\"avia_inline_auto\" id=\"style-css-av-i093-f3719c0da942bf561ba179138f62d568\">\n.flex_column.av-i093-f3719c0da942bf561ba179138f62d568{\nborder-radius:0px 0px 0px 0px;\npadding:40px 0px 40px 0px;\n}\n<\/style>\n<div  class='flex_column av-i093-f3719c0da942bf561ba179138f62d568 av_one_third  avia-builder-el-13  el_after_av_hr  el_before_av_two_third  first flex_column_div  '     ><br \/>\n<\/p><\/div>\n\n<style type=\"text\/css\" data-created_by=\"avia_inline_auto\" id=\"style-css-av-dp7i7-e03b2560fdaee73793c620d87b9bd4e9\">\n.flex_column.av-dp7i7-e03b2560fdaee73793c620d87b9bd4e9{\nborder-radius:0px 0px 0px 0px;\npadding:0px 0px 0px 0px;\n}\n<\/style>\n<div  class='flex_column av-dp7i7-e03b2560fdaee73793c620d87b9bd4e9 av_two_third  avia-builder-el-16  el_after_av_one_third  avia-builder-el-last  flex_column_div av-zero-column-padding  '     ><\/div>\n","protected":false},"excerpt":{"rendered":"","protected":false},"author":1,"featured_media":14102,"parent":0,"menu_order":0,"comment_status":"closed","ping_status":"closed","template":"","meta":{"footnotes":""},"class_list":["post-487","page","type-page","status-publish","has-post-thumbnail","hentry"],"_links":{"self":[{"href":"https:\/\/medicinskaforeningen.se\/en\/wp-json\/wp\/v2\/pages\/487","targetHints":{"allow":["GET"]}}],"collection":[{"href":"https:\/\/medicinskaforeningen.se\/en\/wp-json\/wp\/v2\/pages"}],"about":[{"href":"https:\/\/medicinskaforeningen.se\/en\/wp-json\/wp\/v2\/types\/page"}],"author":[{"embeddable":true,"href":"https:\/\/medicinskaforeningen.se\/en\/wp-json\/wp\/v2\/users\/1"}],"replies":[{"embeddable":true,"href":"https:\/\/medicinskaforeningen.se\/en\/wp-json\/wp\/v2\/comments?post=487"}],"version-history":[{"count":7,"href":"https:\/\/medicinskaforeningen.se\/en\/wp-json\/wp\/v2\/pages\/487\/revisions"}],"predecessor-version":[{"id":23495,"href":"https:\/\/medicinskaforeningen.se\/en\/wp-json\/wp\/v2\/pages\/487\/revisions\/23495"}],"wp:featuredmedia":[{"embeddable":true,"href":"https:\/\/medicinskaforeningen.se\/en\/wp-json\/wp\/v2\/media\/14102"}],"wp:attachment":[{"href":"https:\/\/medicinskaforeningen.se\/en\/wp-json\/wp\/v2\/media?parent=487"}],"curies":[{"name":"wp","href":"https:\/\/api.w.org\/{rel}","templated":true}]}}