{"id":6117,"date":"2018-05-30T19:21:33","date_gmt":"2018-05-30T17:21:33","guid":{"rendered":"https:\/\/medicinskaforeningen.se\/forvaltningsutskottet-administration-committee\/"},"modified":"2026-02-18T17:46:56","modified_gmt":"2026-02-18T16:46:56","slug":"fu","status":"publish","type":"page","link":"https:\/\/medicinskaforeningen.se\/en\/committees\/fu\/","title":{"rendered":"Administration Committee"},"content":{"rendered":"\n<style type=\"text\/css\" data-created_by=\"avia_inline_auto\" id=\"style-css-av-2rxibj-0e485bd51197d015fdc97c744faf55a0\">\n.flex_column.av-2rxibj-0e485bd51197d015fdc97c744faf55a0{\nborder-radius:0px 0px 0px 0px;\npadding:0px 0px 0px 0px;\n}\n<\/style>\n<div  class='flex_column av-2rxibj-0e485bd51197d015fdc97c744faf55a0 av_one_full  avia-builder-el-0  el_before_av_two_third  avia-builder-el-first  first flex_column_div av-zero-column-padding  '     ><p>\n<style type=\"text\/css\" data-created_by=\"avia_inline_auto\" id=\"style-css-av-pxkv9r-3f2e3916b4f5ed039ba228b96d9d5ea1\">\n.avia-image-container.av-pxkv9r-3f2e3916b4f5ed039ba228b96d9d5ea1 img.avia_image{\nbox-shadow:none;\n}\n.avia-image-container.av-pxkv9r-3f2e3916b4f5ed039ba228b96d9d5ea1 .av-image-caption-overlay-center{\ncolor:#ffffff;\n}\n<\/style>\n<div  class='avia-image-container av-pxkv9r-3f2e3916b4f5ed039ba228b96d9d5ea1 av-styling-no-styling avia-align-center  avia-builder-el-1  el_before_av_heading  avia-builder-el-first '   itemprop=\"image\" itemscope=\"itemscope\" itemtype=\"https:\/\/schema.org\/ImageObject\" ><div class=\"avia-image-container-inner\"><div class=\"avia-image-overlay-wrap\"><img decoding=\"async\" fetchpriority=\"high\" class='wp-image-5379 avia-img-lazy-loading-not-5379 avia_image ' src=\"https:\/\/medicinskaforeningen.se\/wp-content\/uploads\/2018\/03\/FU-300x287.jpg\" alt='' title='FU'  height=\"287\" width=\"300\"  itemprop=\"thumbnailUrl\" srcset=\"https:\/\/medicinskaforeningen.se\/wp-content\/uploads\/2018\/03\/FU-300x287.jpg 300w, https:\/\/medicinskaforeningen.se\/wp-content\/uploads\/2018\/03\/FU-705x674.jpg 705w, https:\/\/medicinskaforeningen.se\/wp-content\/uploads\/2018\/03\/FU-450x430.jpg 450w, https:\/\/medicinskaforeningen.se\/wp-content\/uploads\/2018\/03\/FU.jpg 750w\" sizes=\"(max-width: 300px) 100vw, 300px\" \/><\/div><\/div><\/div><br \/>\n\n<style type=\"text\/css\" data-created_by=\"avia_inline_auto\" id=\"style-css-av-kkd2txp6-32905c286c639786fbae2b755d9abb97\">\n#top .av-special-heading.av-kkd2txp6-32905c286c639786fbae2b755d9abb97{\npadding-bottom:10px;\n}\nbody .av-special-heading.av-kkd2txp6-32905c286c639786fbae2b755d9abb97 .av-special-heading-tag .heading-char{\nfont-size:25px;\n}\n.av-special-heading.av-kkd2txp6-32905c286c639786fbae2b755d9abb97 .av-subheading{\nfont-size:15px;\n}\n<\/style>\n<div  class='av-special-heading av-kkd2txp6-32905c286c639786fbae2b755d9abb97 av-special-heading-h1 blockquote modern-quote modern-centered  avia-builder-el-2  el_after_av_image  avia-builder-el-last '><h1 class='av-special-heading-tag '  itemprop=\"headline\"  >F\u00f6rvaltningsutskottet (FU) &#8211; Administration Committee<\/h1><div class=\"special-heading-border\"><div class=\"special-heading-inner-border\"><\/div><\/div><\/div><\/p><\/div>\n\n<style type=\"text\/css\" data-created_by=\"avia_inline_auto\" id=\"style-css-av-k6lqj3-5de32c86d79fbe2a4bc7d7f552e0e1d2\">\n.flex_column.av-k6lqj3-5de32c86d79fbe2a4bc7d7f552e0e1d2{\nborder-radius:0px 0px 0px 0px;\npadding:0px 0px 0px 0px;\n}\n<\/style>\n<div  class='flex_column av-k6lqj3-5de32c86d79fbe2a4bc7d7f552e0e1d2 av_two_third  avia-builder-el-3  el_after_av_one_full  el_before_av_one_third  first flex_column_div av-zero-column-padding  column-top-margin'     ><p><section  class='av_textblock_section av-mswdbj-4250720ec3a7e9af649b8465631f1f74 '   itemscope=\"itemscope\" itemtype=\"https:\/\/schema.org\/CreativeWork\" ><div class='avia_textblock'  itemprop=\"text\" ><p><strong>The Administration Committee\u00a0<\/strong>takes care of the\u00a0infrastructure of Medicinska F\u00f6reningen. The committee is responsible for renting of the student union house (K\u00e5rhuset) and the sports cabin at Solvik, the economy of Medicinska F\u00f6reningen, the member registry, communication and MF&#8217;s employees and to propose the budget.<\/p>\n<\/div><\/section><br \/>\n<section  class='av_textblock_section av-jn6shr-ba33f184a0884637750f00be5af80532 '   itemscope=\"itemscope\" itemtype=\"https:\/\/schema.org\/CreativeWork\" ><div class='avia_textblock'  itemprop=\"text\" ><h4><strong>To our help, we have several subgroups:<\/strong><\/h4>\n<\/div><\/section><br \/>\n<div  class='avia-icon-list-container av-hti91b-75816fb4eb40bc894eadf07e9996b990  avia-builder-el-6  el_after_av_textblock  el_before_av_video '><ul class='avia-icon-list avia_animate_when_almost_visible avia-icon-list-left av-iconlist-big av-hti91b-75816fb4eb40bc894eadf07e9996b990 avia-iconlist-animate'>\n<li><div class='iconlist_icon av-fzvfb3-bf07089bc2430aebb6ca71eb8ce344be avia-font-entypo-fontello avia-iconfont avia-font-entypo-fontello'><span class='av-icon-char' data-av_icon='\ue851' data-av_iconfont='entypo-fontello' aria-hidden=\"true\"><\/span><\/div><article class=\"article-icon-entry \"  itemscope=\"itemscope\" itemtype=\"https:\/\/schema.org\/CreativeWork\" ><div class=\"iconlist_content_wrap\"><header class=\"entry-content-header\" aria-label=\"Icon: Archivist\"><h4 class='av_iconlist_title iconlist_title  '  itemprop=\"headline\" >Archivist<\/h4><\/header><div class='iconlist_content '  itemprop=\"text\" ><p>Responsible for MF\u2019s archive.<\/p>\n<\/div><\/div><footer class=\"entry-footer\"><\/footer><\/article><div class=\"iconlist-timeline\"><\/div><\/li>\n<li><div class='iconlist_icon av-edxazz-02ad37e2daf3219d26fab92694e724a6 avia-font-entypo-fontello avia-iconfont avia-font-entypo-fontello'><span class='av-icon-char' data-av_icon='\ue83a' data-av_iconfont='entypo-fontello' aria-hidden=\"true\"><\/span><\/div><article class=\"article-icon-entry \"  itemscope=\"itemscope\" itemtype=\"https:\/\/schema.org\/CreativeWork\" ><div class=\"iconlist_content_wrap\"><header class=\"entry-content-header\" aria-label=\"Icon: Computer Committee\"><h4 class='av_iconlist_title iconlist_title  '  itemprop=\"headline\" >Computer Committee<\/h4><\/header><div class='iconlist_content '  itemprop=\"text\" ><p>Takes care of the IT infrastructure.<br \/>\nContact: <a href=\"mailto:datornamnden@medicinskaforeningen.se\">datornamnden@medicinskaforeningen.se<\/a><\/p>\n<\/div><\/div><footer class=\"entry-footer\"><\/footer><\/article><div class=\"iconlist-timeline\"><\/div><\/li>\n<li><div class='iconlist_icon av-c71dcf-65d3ab8dcbf541e68ed4f5f0d9576049 avia-font-entypo-fontello avia-iconfont avia-font-entypo-fontello'><span class='av-icon-char' data-av_icon='\ue8b8' data-av_iconfont='entypo-fontello' aria-hidden=\"true\"><\/span><\/div><article class=\"article-icon-entry \"  itemscope=\"itemscope\" itemtype=\"https:\/\/schema.org\/CreativeWork\" ><div class=\"iconlist_content_wrap\"><header class=\"entry-content-header\" aria-label=\"Icon: Tomb keeper\"><h4 class='av_iconlist_title iconlist_title  '  itemprop=\"headline\" >Tomb keeper<\/h4><\/header><div class='iconlist_content '  itemprop=\"text\" ><p>Responsible for MF\u2019s tomb and organize the care for those buried there.<\/p>\n<\/div><\/div><footer class=\"entry-footer\"><\/footer><\/article><div class=\"iconlist-timeline\"><\/div><\/li>\n<li><div class='iconlist_icon av-5qzw1b-b1c7c3a82dd0fa8eee2f5d00caaf9f4e avia-font-entypo-fontello avia-iconfont avia-font-entypo-fontello'><span class='av-icon-char' data-av_icon='\ue801' data-av_iconfont='entypo-fontello' aria-hidden=\"true\"><\/span><\/div><article class=\"article-icon-entry \"  itemscope=\"itemscope\" itemtype=\"https:\/\/schema.org\/CreativeWork\" ><div class=\"iconlist_content_wrap\"><header class=\"entry-content-header\" aria-label=\"Icon: Light- and sound group\"><h4 class='av_iconlist_title iconlist_title  '  itemprop=\"headline\" >Light- and sound group<\/h4><\/header><div class='iconlist_content '  itemprop=\"text\" ><p>Responsible for light and sound infrastructure in the union house. Is also responsible to educate the sound- and light technicians that work for MF during events!<\/p>\n<\/div><\/div><footer class=\"entry-footer\"><\/footer><\/article><div class=\"iconlist-timeline\"><\/div><\/li>\n<li><div class='iconlist_icon av-4pzdcv-f60e19ba744c9fd9d61a730a92b6e28a avia-font-entypo-fontello avia-iconfont avia-font-entypo-fontello'><span class='av-icon-char' data-av_icon='\ue856' data-av_iconfont='entypo-fontello' aria-hidden=\"true\"><\/span><\/div><article class=\"article-icon-entry \"  itemscope=\"itemscope\" itemtype=\"https:\/\/schema.org\/CreativeWork\" ><div class=\"iconlist_content_wrap\"><header class=\"entry-content-header\" aria-label=\"Icon: K\u00e5rhusintendenturen\"><h4 class='av_iconlist_title iconlist_title  '  itemprop=\"headline\" >K\u00e5rhusintendenturen<\/h4><\/header><div class='iconlist_content '  itemprop=\"text\" ><p>Takes care of the Union house at Solna and the Corridor in Flemingsberg.<\/p>\n<\/div><\/div><footer class=\"entry-footer\"><\/footer><\/article><div class=\"iconlist-timeline\"><\/div><\/li>\n<li><div class='iconlist_icon av-36krsv-6c936497aa4a34fc0b6c993c19a62a1d avia-font-entypo-fontello avia-iconfont avia-font-entypo-fontello'><span class='av-icon-char' data-av_icon='\ue821' data-av_iconfont='entypo-fontello' aria-hidden=\"true\"><\/span><\/div><article class=\"article-icon-entry \"  itemscope=\"itemscope\" itemtype=\"https:\/\/schema.org\/CreativeWork\" ><div class=\"iconlist_content_wrap\"><header class=\"entry-content-header\" aria-label=\"Icon: Sportstugun\u00e4mnden\"><h4 class='av_iconlist_title iconlist_title  '  itemprop=\"headline\" >Sportstugun\u00e4mnden<\/h4><\/header><div class='iconlist_content '  itemprop=\"text\" ><p>Responsible for Solvik, MF&#8217;s summerhouse\/sports cabin that both associations and private persons can rent.\u00a0<a href=\"https:\/\/medicinskaforeningen.se\/en\/exempelsida\/solvik-2\/\">Read more about Solvik here.<\/a><br \/>\nContact: <a href=\"mailto:fogdar@medicinskaforeningen.se\">fogdarna@medicinskaforeningen.se<\/a><\/p>\n<\/div><\/div><footer class=\"entry-footer\"><\/footer><\/article><div class=\"iconlist-timeline\"><\/div><\/li>\n<\/ul><\/div><br \/>\n<div  class='avia-video av-kkd2vbxt-e01e163cc9bb987b4f3e1d14d30514e2 avia-video-16-9 av-no-preview-image avia-video-load-always av-lazyload-immediate av-lazyload-video-embed'  itemprop=\"video\" itemtype=\"https:\/\/schema.org\/VideoObject\"  data-original_url='https:\/\/youtu.be\/z4QJsn_COjo'><script type='text\/html' class='av-video-tmpl'><div class='avia-iframe-wrap'><iframe loading=\"lazy\" title=\"Solvik Fixarhelg\" width=\"1500\" height=\"844\" src=\"https:\/\/www.youtube.com\/embed\/z4QJsn_COjo?feature=oembed&autoplay=0&loop=0&controls=1&mute=0\" frameborder=\"0\" allow=\"accelerometer; autoplay; clipboard-write; encrypted-media; gyroscope; picture-in-picture\" allowfullscreen><\/iframe><\/div><\/script><div class='av-click-to-play-overlay'><div class=\"avia_playpause_icon\"><\/div><\/div><\/div><\/p><\/div>\n\n<style type=\"text\/css\" data-created_by=\"avia_inline_auto\" id=\"style-css-av-3r531b-89338b131c212ae6e44e8f2edda6431e\">\n.flex_column.av-3r531b-89338b131c212ae6e44e8f2edda6431e{\nborder-radius:0px 0px 0px 0px;\npadding:0px 0px 0px 0px;\n}\n<\/style>\n<div  class='flex_column av-3r531b-89338b131c212ae6e44e8f2edda6431e av_one_third  avia-builder-el-8  el_after_av_two_third  avia-builder-el-last  flex_column_div av-zero-column-padding  column-top-margin'     ><p><article  class='iconbox iconbox_left_content av-262wf3-4c1395dc6fc09c99499b181bca446a12 av-icon-style-no-border  avia-builder-el-9  el_before_av_icon_box  avia-builder-el-first '  itemscope=\"itemscope\" itemtype=\"https:\/\/schema.org\/CreativeWork\" ><div class='iconbox_icon heading-color avia-iconfont avia-font-entypo-fontello' data-av_icon='\ue80a' data-av_iconfont='entypo-fontello'  ><\/div><div class=\"iconbox_content\"><header class=\"entry-content-header\" aria-label=\"Icon: \"><\/header><div class='iconbox_content_container '  itemprop=\"text\" ><p><strong>Chair<\/strong>:<br \/>\nRisa Goto<\/p>\n<\/div><\/div><footer class=\"entry-footer\"><\/footer><\/article><br \/>\n<article  class='iconbox iconbox_left_content av-262wf3-fb70f069bcd8ff661af1ddf25560a14f av-icon-style-no-border  avia-builder-el-10  el_after_av_icon_box  avia-builder-el-last '  itemscope=\"itemscope\" itemtype=\"https:\/\/schema.org\/CreativeWork\" ><div class='iconbox_icon heading-color avia-iconfont avia-font-entypo-fontello' data-av_icon='\ue805' data-av_iconfont='entypo-fontello'  ><\/div><div class=\"iconbox_content\"><header class=\"entry-content-header\" aria-label=\"Icon: \"><\/header><div class='iconbox_content_container '  itemprop=\"text\" ><p><a href=\"mailto:fuo@medicinskaforeningen.se\">fuo@medicinskaforeningen.se<\/a><\/p>\n<\/div><\/div><footer class=\"entry-footer\"><\/footer><\/article><\/p><\/div>\n","protected":false},"excerpt":{"rendered":"","protected":false},"author":3,"featured_media":5379,"parent":691,"menu_order":0,"comment_status":"closed","ping_status":"closed","template":"","meta":{"footnotes":""},"class_list":["post-6117","page","type-page","status-publish","has-post-thumbnail","hentry"],"_links":{"self":[{"href":"https:\/\/medicinskaforeningen.se\/en\/wp-json\/wp\/v2\/pages\/6117","targetHints":{"allow":["GET"]}}],"collection":[{"href":"https:\/\/medicinskaforeningen.se\/en\/wp-json\/wp\/v2\/pages"}],"about":[{"href":"https:\/\/medicinskaforeningen.se\/en\/wp-json\/wp\/v2\/types\/page"}],"author":[{"embeddable":true,"href":"https:\/\/medicinskaforeningen.se\/en\/wp-json\/wp\/v2\/users\/3"}],"replies":[{"embeddable":true,"href":"https:\/\/medicinskaforeningen.se\/en\/wp-json\/wp\/v2\/comments?post=6117"}],"version-history":[{"count":11,"href":"https:\/\/medicinskaforeningen.se\/en\/wp-json\/wp\/v2\/pages\/6117\/revisions"}],"predecessor-version":[{"id":27906,"href":"https:\/\/medicinskaforeningen.se\/en\/wp-json\/wp\/v2\/pages\/6117\/revisions\/27906"}],"up":[{"embeddable":true,"href":"https:\/\/medicinskaforeningen.se\/en\/wp-json\/wp\/v2\/pages\/691"}],"wp:featuredmedia":[{"embeddable":true,"href":"https:\/\/medicinskaforeningen.se\/en\/wp-json\/wp\/v2\/media\/5379"}],"wp:attachment":[{"href":"https:\/\/medicinskaforeningen.se\/en\/wp-json\/wp\/v2\/media?parent=6117"}],"curies":[{"name":"wp","href":"https:\/\/api.w.org\/{rel}","templated":true}]}}