{"id":6199,"date":"2018-05-30T19:54:29","date_gmt":"2018-05-30T17:54:29","guid":{"rendered":"https:\/\/medicinskaforeningen.se\/business-committee\/"},"modified":"2024-12-19T18:28:10","modified_gmt":"2024-12-19T17:28:10","slug":"business-committee","status":"publish","type":"page","link":"https:\/\/medicinskaforeningen.se\/en\/committees\/business-committee\/","title":{"rendered":"Business Committee"},"content":{"rendered":"\n<style type=\"text\/css\" data-created_by=\"avia_inline_auto\" id=\"style-css-av-e5x1g1-2b2b45655c8733793c15b2d371c408d9\">\n.flex_column.av-e5x1g1-2b2b45655c8733793c15b2d371c408d9{\nborder-radius:0px 0px 0px 0px;\npadding:0px 0px 0px 0px;\n}\n<\/style>\n<div  class='flex_column av-e5x1g1-2b2b45655c8733793c15b2d371c408d9 av_one_full  avia-builder-el-0  el_before_av_two_third  avia-builder-el-first  first flex_column_div av-zero-column-padding  '     ><p>\n<style type=\"text\/css\" data-created_by=\"avia_inline_auto\" id=\"style-css-av-c8ubu9-903aa721a79c22f1c3f8454cd40c7602\">\n.avia-image-container.av-c8ubu9-903aa721a79c22f1c3f8454cd40c7602 img.avia_image{\nbox-shadow:none;\n}\n.avia-image-container.av-c8ubu9-903aa721a79c22f1c3f8454cd40c7602 .av-image-caption-overlay-center{\ncolor:#ffffff;\n}\n<\/style>\n<div  class='avia-image-container av-c8ubu9-903aa721a79c22f1c3f8454cd40c7602 av-styling- avia-align-center  avia-builder-el-1  el_before_av_heading  avia-builder-el-first '   itemprop=\"image\" itemscope=\"itemscope\" itemtype=\"https:\/\/schema.org\/ImageObject\" ><div class=\"avia-image-container-inner\"><div class=\"avia-image-overlay-wrap\"><img decoding=\"async\" fetchpriority=\"high\" class='wp-image-8435 avia-img-lazy-loading-not-8435 avia_image ' src=\"https:\/\/medicinskaforeningen.se\/wp-content\/uploads\/2018\/11\/NU.jpg\" alt='' title='NU'  height=\"300\" width=\"533\"  itemprop=\"thumbnailUrl\" srcset=\"https:\/\/medicinskaforeningen.se\/wp-content\/uploads\/2018\/11\/NU.jpg 533w, https:\/\/medicinskaforeningen.se\/wp-content\/uploads\/2018\/11\/NU-300x169.jpg 300w, https:\/\/medicinskaforeningen.se\/wp-content\/uploads\/2018\/11\/NU-450x253.jpg 450w\" sizes=\"(max-width: 533px) 100vw, 533px\" \/><\/div><\/div><\/div><br \/>\n\n<style type=\"text\/css\" data-created_by=\"avia_inline_auto\" id=\"style-css-av-kf3mqb9i-fa716ecddab51d0c6ae862e9c5236a76\">\n#top .av-special-heading.av-kf3mqb9i-fa716ecddab51d0c6ae862e9c5236a76{\npadding-bottom:10px;\n}\nbody .av-special-heading.av-kf3mqb9i-fa716ecddab51d0c6ae862e9c5236a76 .av-special-heading-tag .heading-char{\nfont-size:25px;\n}\n.av-special-heading.av-kf3mqb9i-fa716ecddab51d0c6ae862e9c5236a76 .av-subheading{\nfont-size:15px;\n}\n<\/style>\n<div  class='av-special-heading av-kf3mqb9i-fa716ecddab51d0c6ae862e9c5236a76 av-special-heading-h1 blockquote modern-quote modern-centered  avia-builder-el-2  el_after_av_image  avia-builder-el-last '><h1 class='av-special-heading-tag '  itemprop=\"headline\"  >N\u00e4ringslivsutskottet (NU) &#8211; Business Committee<\/h1><div class=\"special-heading-border\"><div class=\"special-heading-inner-border\"><\/div><\/div><\/div><\/p><\/div>\n\n<style type=\"text\/css\" data-created_by=\"avia_inline_auto\" id=\"style-css-av-9jhyfl-94692e69c3f074e921211a9d2347a5ed\">\n.flex_column.av-9jhyfl-94692e69c3f074e921211a9d2347a5ed{\nborder-radius:0px 0px 0px 0px;\npadding:0px 0px 0px 0px;\n}\n<\/style>\n<div  class='flex_column av-9jhyfl-94692e69c3f074e921211a9d2347a5ed av_two_third  avia-builder-el-3  el_after_av_one_full  el_before_av_one_third  first flex_column_div av-zero-column-padding  column-top-margin'     ><section  class='av_textblock_section av-7q7zo1-15a5b373c1d66dc9e9206bfdb0b55fdc '   itemscope=\"itemscope\" itemtype=\"https:\/\/schema.org\/CreativeWork\" ><div class='avia_textblock'  itemprop=\"text\" ><p><strong>N\u00e4ringslivsutskottet (NU)<\/strong>\u00a0hanterar Medicinska F\u00f6reningens kontakter och samarbete med life science f\u00f6retag och organisationer. NU jobbar med att ut\u00f6ka karri\u00e4rm\u00f6jligheter och fr\u00e4mja samarbete mellan studenter och biovetenskap sektorn. Utskottet \u00e4r involverat i att organisera events, (e.g. CHaSE) d\u00e4r studenter f\u00e5r en chans att tr\u00e4ffa representanter fr\u00e5n olika f\u00f6retag och organisationer, samt delta i workshops och presentationer.<\/p>\n<p>Som medlem i NU kommer du bredda ditt n\u00e4tverk, f\u00e5 erfarenhet, och utveckla dina personliga och sociala f\u00e4rdigheter, och framf\u00f6rallt utveckla din framtida karri\u00e4r. Men viktigast av allt handlar det om att tr\u00e4ffa m\u00e4nniskor fr\u00e5n hela v\u00e4rlden, f\u00e5 v\u00e4nner, och ha kul!<\/p>\n<\/div><\/section><\/div>\n\n<style type=\"text\/css\" data-created_by=\"avia_inline_auto\" id=\"style-css-av-6e9iw1-b509017513a36f19a97a6e613ea7a9ba\">\n.flex_column.av-6e9iw1-b509017513a36f19a97a6e613ea7a9ba{\nborder-radius:0px 0px 0px 0px;\npadding:0px 0px 0px 0px;\n}\n<\/style>\n<div  class='flex_column av-6e9iw1-b509017513a36f19a97a6e613ea7a9ba av_one_third  avia-builder-el-5  el_after_av_two_third  el_before_av_one_full  flex_column_div av-zero-column-padding  column-top-margin'     ><p><article  class='iconbox iconbox_left_content av-4tfp75-4-eff7b2979ae5be615ed2ba7f772f35f7 av-icon-style-no-border  avia-builder-el-6  el_before_av_icon_box  avia-builder-el-first '  itemscope=\"itemscope\" itemtype=\"https:\/\/schema.org\/CreativeWork\" ><div class='iconbox_icon heading-color avia-iconfont avia-font-entypo-fontello' data-av_icon='\ue8f5' data-av_iconfont='entypo-fontello'  ><\/div><div class=\"iconbox_content\"><header class=\"entry-content-header\" aria-label=\"Icon: \"><\/header><div class='iconbox_content_container '  itemprop=\"text\" ><p><a href=\"https:\/\/www.facebook.com\/BusinessCommitteeMF\/\" target=\"_blank\" rel=\"noopener\"><strong>NU on Facebook<\/strong><\/a><\/p>\n<\/div><\/div><footer class=\"entry-footer\"><\/footer><\/article><br \/>\n<article  class='iconbox iconbox_left_content av-4tfp75-3-08630a81f5097cc9a108089765fd1282 av-icon-style-no-border  avia-builder-el-7  el_after_av_icon_box  el_before_av_icon_box '  itemscope=\"itemscope\" itemtype=\"https:\/\/schema.org\/CreativeWork\" ><div class='iconbox_icon heading-color avia-iconfont avia-font-entypo-fontello' data-av_icon='\ue80a' data-av_iconfont='entypo-fontello'  ><\/div><div class=\"iconbox_content\"><header class=\"entry-content-header\" aria-label=\"Icon: \"><\/header><div class='iconbox_content_container '  itemprop=\"text\" ><p><strong>Chair person 2025:<br \/>\n<\/strong>Wenry Wang<\/p>\n<\/div><\/div><footer class=\"entry-footer\"><\/footer><\/article><br \/>\n<article  class='iconbox iconbox_left_content av-2diu0h-6e08e596b5287309584f1f0d62d3dc76 av-icon-style-no-border  avia-builder-el-8  el_after_av_icon_box  avia-builder-el-last '  itemscope=\"itemscope\" itemtype=\"https:\/\/schema.org\/CreativeWork\" ><div class='iconbox_icon heading-color avia-iconfont avia-font-entypo-fontello' data-av_icon='\ue805' data-av_iconfont='entypo-fontello'  ><\/div><div class=\"iconbox_content\"><header class=\"entry-content-header\" aria-label=\"Icon: \"><\/header><div class='iconbox_content_container '  itemprop=\"text\" ><p><a href=\"mailto:nu@medicinskaforeningen.se\">nu@medicinskaforeningen.se<\/a><\/p>\n<\/div><\/div><footer class=\"entry-footer\"><\/footer><\/article><\/p><\/div>\n<style type=\"text\/css\" data-created_by=\"avia_inline_auto\" id=\"style-css-av-e5x1g1-10-a54a13c072e271fe73b921446f5c7f58\">\n.flex_column.av-e5x1g1-10-a54a13c072e271fe73b921446f5c7f58{\nborder-radius:0px 0px 0px 0px;\npadding:0px 0px 0px 0px;\n}\n<\/style>\n<div  class='flex_column av-e5x1g1-10-a54a13c072e271fe73b921446f5c7f58 av_one_full  avia-builder-el-9  el_after_av_one_third  el_before_av_two_third  first flex_column_div av-zero-column-padding  column-top-margin'     ><p>\n<style type=\"text\/css\" data-created_by=\"avia_inline_auto\" id=\"style-css-av-c8ubu9-9-4ffb0ac5f0491577c19f0f9539757818\">\n.avia-image-container.av-c8ubu9-9-4ffb0ac5f0491577c19f0f9539757818 img.avia_image{\nbox-shadow:none;\n}\n.avia-image-container.av-c8ubu9-9-4ffb0ac5f0491577c19f0f9539757818 .av-image-caption-overlay-center{\ncolor:#ffffff;\n}\n<\/style>\n<div  class='avia-image-container av-c8ubu9-9-4ffb0ac5f0491577c19f0f9539757818 av-styling- avia-align-center  avia-builder-el-10  el_before_av_heading  avia-builder-el-first '   itemprop=\"image\" itemscope=\"itemscope\" itemtype=\"https:\/\/schema.org\/ImageObject\" ><div class=\"avia-image-container-inner\"><div class=\"avia-image-overlay-wrap\"><img decoding=\"async\" fetchpriority=\"high\" class='wp-image-15015 avia-img-lazy-loading-not-15015 avia_image ' src=\"https:\/\/medicinskaforeningen.se\/wp-content\/uploads\/2020\/09\/CHaSE.png\" alt='' title='CHaSE'  height=\"152\" width=\"455\"  itemprop=\"thumbnailUrl\" srcset=\"https:\/\/medicinskaforeningen.se\/wp-content\/uploads\/2020\/09\/CHaSE.png 455w, https:\/\/medicinskaforeningen.se\/wp-content\/uploads\/2020\/09\/CHaSE-300x100.png 300w\" sizes=\"(max-width: 455px) 100vw, 455px\" \/><\/div><\/div><\/div><br \/>\n\n<style type=\"text\/css\" data-created_by=\"avia_inline_auto\" id=\"style-css-av-kf3mqb9i-8-fdd5941ffa31fb5fee6647bb74d55adc\">\n#top .av-special-heading.av-kf3mqb9i-8-fdd5941ffa31fb5fee6647bb74d55adc{\npadding-bottom:10px;\n}\nbody .av-special-heading.av-kf3mqb9i-8-fdd5941ffa31fb5fee6647bb74d55adc .av-special-heading-tag .heading-char{\nfont-size:25px;\n}\n.av-special-heading.av-kf3mqb9i-8-fdd5941ffa31fb5fee6647bb74d55adc .av-subheading{\nfont-size:15px;\n}\n<\/style>\n<div  class='av-special-heading av-kf3mqb9i-8-fdd5941ffa31fb5fee6647bb74d55adc av-special-heading-h3 blockquote modern-quote modern-centered  avia-builder-el-11  el_after_av_image  avia-builder-el-last '><h3 class='av-special-heading-tag '  itemprop=\"headline\"  >CHaSE<\/h3><div class=\"special-heading-border\"><div class=\"special-heading-inner-border\"><\/div><\/div><\/div><\/p><\/div><\/p>\n\n<style type=\"text\/css\" data-created_by=\"avia_inline_auto\" id=\"style-css-av-9jhyfl-7-b1937518c21fdcda9b9717c54572c301\">\n.flex_column.av-9jhyfl-7-b1937518c21fdcda9b9717c54572c301{\nborder-radius:0px 0px 0px 0px;\npadding:0px 0px 0px 0px;\n}\n<\/style>\n<div  class='flex_column av-9jhyfl-7-b1937518c21fdcda9b9717c54572c301 av_two_third  avia-builder-el-12  el_after_av_one_full  el_before_av_one_third  first flex_column_div av-zero-column-padding  column-top-margin'     ><section  class='av_textblock_section av-7q7zo1-6-4e2886e14aabbdb6ddbc427926e1fca8 '   itemscope=\"itemscope\" itemtype=\"https:\/\/schema.org\/CreativeWork\" ><div class='avia_textblock'  itemprop=\"text\" ><p><strong>Careers in Health and Science Exposition (CHaSE)<\/strong> \u00e4r Medicinska F\u00f6reningens arbetsmarknadsdag som organiseras varje h\u00f6st av N\u00e4ringslivsutskottet. P\u00e5 CHaSE f\u00e5r studenter och forskare vid Karolinska Institutet chansen att tr\u00e4ffa f\u00f6retag inom life science och h\u00e4lsa och delta i seminarier och workshops.<\/p>\n<\/div><\/section><\/div>\n\n<style type=\"text\/css\" data-created_by=\"avia_inline_auto\" id=\"style-css-av-6e9iw1-5-533fb433b1fd6233a7f080b331b55d14\">\n.flex_column.av-6e9iw1-5-533fb433b1fd6233a7f080b331b55d14{\nborder-radius:0px 0px 0px 0px;\npadding:0px 0px 0px 0px;\n}\n<\/style>\n<div  class='flex_column av-6e9iw1-5-533fb433b1fd6233a7f080b331b55d14 av_one_third  avia-builder-el-14  el_after_av_two_third  avia-builder-el-last  flex_column_div av-zero-column-padding  column-top-margin'     ><p><article  class='iconbox iconbox_left_content av-4tfp75-2-3e664c6df393507c75939b182af84819 av-icon-style-no-border  avia-builder-el-15  el_before_av_icon_box  avia-builder-el-first '  itemscope=\"itemscope\" itemtype=\"https:\/\/schema.org\/CreativeWork\" ><div class='iconbox_icon heading-color avia-iconfont avia-font-entypo-fontello' data-av_icon='\ue8b1' data-av_iconfont='entypo-fontello'  ><\/div><div class=\"iconbox_content\"><header class=\"entry-content-header\" aria-label=\"Icon: \"><\/header><div class='iconbox_content_container '  itemprop=\"text\" ><p><strong><a href=\"http:\/\/chasesthlm.se\/\" target=\"_blank\" rel=\"noopener\">chasesthlm.se<\/a><\/strong><\/p>\n<\/div><\/div><footer class=\"entry-footer\"><\/footer><\/article><br \/>\n<article  class='iconbox iconbox_left_content av-4tfp75-1-c79036bccfe358d96619cccc41d61ba5 av-icon-style-no-border  avia-builder-el-16  el_after_av_icon_box  avia-builder-el-last '  itemscope=\"itemscope\" itemtype=\"https:\/\/schema.org\/CreativeWork\" ><div class='iconbox_icon heading-color avia-iconfont avia-font-entypo-fontello' data-av_icon='\ue8f5' data-av_iconfont='entypo-fontello'  ><\/div><div class=\"iconbox_content\"><header class=\"entry-content-header\" aria-label=\"Icon: \"><\/header><div class='iconbox_content_container '  itemprop=\"text\" ><p><strong><a href=\"https:\/\/www.facebook.com\/chasesthlm\" target=\"_blank\" rel=\"noopener\">CHaSE p\u00e5 Facebook<\/a><\/strong><\/p>\n<\/div><\/div><footer class=\"entry-footer\"><\/footer><\/article><\/p><\/div>\n","protected":false},"excerpt":{"rendered":"","protected":false},"author":3,"featured_media":8435,"parent":691,"menu_order":0,"comment_status":"closed","ping_status":"closed","template":"","meta":{"footnotes":""},"class_list":["post-6199","page","type-page","status-publish","has-post-thumbnail","hentry"],"_links":{"self":[{"href":"https:\/\/medicinskaforeningen.se\/en\/wp-json\/wp\/v2\/pages\/6199","targetHints":{"allow":["GET"]}}],"collection":[{"href":"https:\/\/medicinskaforeningen.se\/en\/wp-json\/wp\/v2\/pages"}],"about":[{"href":"https:\/\/medicinskaforeningen.se\/en\/wp-json\/wp\/v2\/types\/page"}],"author":[{"embeddable":true,"href":"https:\/\/medicinskaforeningen.se\/en\/wp-json\/wp\/v2\/users\/3"}],"replies":[{"embeddable":true,"href":"https:\/\/medicinskaforeningen.se\/en\/wp-json\/wp\/v2\/comments?post=6199"}],"version-history":[{"count":18,"href":"https:\/\/medicinskaforeningen.se\/en\/wp-json\/wp\/v2\/pages\/6199\/revisions"}],"predecessor-version":[{"id":26705,"href":"https:\/\/medicinskaforeningen.se\/en\/wp-json\/wp\/v2\/pages\/6199\/revisions\/26705"}],"up":[{"embeddable":true,"href":"https:\/\/medicinskaforeningen.se\/en\/wp-json\/wp\/v2\/pages\/691"}],"wp:featuredmedia":[{"embeddable":true,"href":"https:\/\/medicinskaforeningen.se\/en\/wp-json\/wp\/v2\/media\/8435"}],"wp:attachment":[{"href":"https:\/\/medicinskaforeningen.se\/en\/wp-json\/wp\/v2\/media?parent=6199"}],"curies":[{"name":"wp","href":"https:\/\/api.w.org\/{rel}","templated":true}]}}