{"id":6253,"date":"2018-05-30T20:27:21","date_gmt":"2018-05-30T18:27:21","guid":{"rendered":"https:\/\/medicinskaforeningen.se\/blaslaget-and-dragplastret\/"},"modified":"2025-02-20T20:46:48","modified_gmt":"2025-02-20T19:46:48","slug":"blaslaget","status":"publish","type":"page","link":"https:\/\/medicinskaforeningen.se\/en\/associations\/blaslaget\/","title":{"rendered":"Bl\u00e5slaget"},"content":{"rendered":"\n<style type=\"text\/css\" data-created_by=\"avia_inline_auto\" id=\"style-css-av-gqag3e-e7e29b3fcb8bf92ac0ac3521d7ad7c47\">\n.flex_column.av-gqag3e-e7e29b3fcb8bf92ac0ac3521d7ad7c47{\nborder-radius:0px 0px 0px 0px;\npadding:0px 0px 0px 0px;\n}\n<\/style>\n<div  class='flex_column av-gqag3e-e7e29b3fcb8bf92ac0ac3521d7ad7c47 av_one_full  avia-builder-el-0  el_before_av_two_third  avia-builder-el-first  first flex_column_div av-zero-column-padding  '     ><p>\n<style type=\"text\/css\" data-created_by=\"avia_inline_auto\" id=\"style-css-av-g6u7re-9f14ccf1c33eb14eedf0178a0fd4c53f\">\n.avia-image-container.av-g6u7re-9f14ccf1c33eb14eedf0178a0fd4c53f img.avia_image{\nbox-shadow:none;\n}\n.avia-image-container.av-g6u7re-9f14ccf1c33eb14eedf0178a0fd4c53f .av-image-caption-overlay-center{\ncolor:#ffffff;\n}\n<\/style>\n<div  class='avia-image-container av-g6u7re-9f14ccf1c33eb14eedf0178a0fd4c53f av-styling-no-styling avia-align-center  avia-builder-el-1  el_before_av_heading  avia-builder-el-first '   itemprop=\"image\" itemscope=\"itemscope\" itemtype=\"https:\/\/schema.org\/ImageObject\" ><div class=\"avia-image-container-inner\"><div class=\"avia-image-overlay-wrap\"><img decoding=\"async\" fetchpriority=\"high\" class='wp-image-1539 avia-img-lazy-loading-not-1539 avia_image ' src=\"https:\/\/medicinskaforeningen.se\/wp-content\/uploads\/2017\/07\/Bl\u00e5slaget-300x286.jpg\" alt='' title='Bl\u00e5slaget'  height=\"286\" width=\"300\"  itemprop=\"thumbnailUrl\" srcset=\"https:\/\/medicinskaforeningen.se\/wp-content\/uploads\/2017\/07\/Bl\u00e5slaget-300x286.jpg 300w, https:\/\/medicinskaforeningen.se\/wp-content\/uploads\/2017\/07\/Bl\u00e5slaget-768x732.jpg 768w, https:\/\/medicinskaforeningen.se\/wp-content\/uploads\/2017\/07\/Bl\u00e5slaget-1030x982.jpg 1030w, https:\/\/medicinskaforeningen.se\/wp-content\/uploads\/2017\/07\/Bl\u00e5slaget-1500x1430.jpg 1500w, https:\/\/medicinskaforeningen.se\/wp-content\/uploads\/2017\/07\/Bl\u00e5slaget-705x672.jpg 705w, https:\/\/medicinskaforeningen.se\/wp-content\/uploads\/2017\/07\/Bl\u00e5slaget-450x429.jpg 450w, https:\/\/medicinskaforeningen.se\/wp-content\/uploads\/2017\/07\/Bl\u00e5slaget.jpg 2048w\" sizes=\"(max-width: 300px) 100vw, 300px\" \/><\/div><\/div><\/div><br \/>\n\n<style type=\"text\/css\" data-created_by=\"avia_inline_auto\" id=\"style-css-av-kkd2t0uq-6b15e475de913d1b464eba120c1b4cf8\">\n#top .av-special-heading.av-kkd2t0uq-6b15e475de913d1b464eba120c1b4cf8{\npadding-bottom:10px;\n}\nbody .av-special-heading.av-kkd2t0uq-6b15e475de913d1b464eba120c1b4cf8 .av-special-heading-tag .heading-char{\nfont-size:25px;\n}\n.av-special-heading.av-kkd2t0uq-6b15e475de913d1b464eba120c1b4cf8 .av-subheading{\nfont-size:15px;\n}\n<\/style>\n<div  class='av-special-heading av-kkd2t0uq-6b15e475de913d1b464eba120c1b4cf8 av-special-heading-h1 blockquote modern-quote modern-centered  avia-builder-el-2  el_after_av_image  avia-builder-el-last '><h1 class='av-special-heading-tag '  itemprop=\"headline\"  >Bl\u00e5slaget<\/h1><div class=\"special-heading-border\"><div class=\"special-heading-inner-border\"><\/div><\/div><\/div><\/p><\/div>\n\n<style type=\"text\/css\" data-created_by=\"avia_inline_auto\" id=\"style-css-av-awlku2-40a34f29cbc8a3dbcfb5110b6b6e1464\">\n.flex_column.av-awlku2-40a34f29cbc8a3dbcfb5110b6b6e1464{\nborder-radius:0px 0px 0px 0px;\npadding:0px 0px 0px 0px;\n}\n<\/style>\n<div  class='flex_column av-awlku2-40a34f29cbc8a3dbcfb5110b6b6e1464 av_two_third  avia-builder-el-3  el_after_av_one_full  el_before_av_one_third  first flex_column_div av-zero-column-padding  column-top-margin'     ><section  class='av_textblock_section av-cm7asq-38674be23c2f68297dc78764f4a04028 '   itemscope=\"itemscope\" itemtype=\"https:\/\/schema.org\/CreativeWork\" ><div class='avia_textblock'  itemprop=\"text\" ><p>Bl\u00e5slaget is the student orchestra of Medicinska f\u00f6reningen, and <a href=\"https:\/\/medicinskaforeningen.se\/en\/associations\/dragplastret\/\">Dragpl\u00e5stret<\/a> is the show dance group of Bl\u00e5slaget.<\/p>\n<p>We hold rehearsals at every Tuesday at the MF aula, starting 18:00 with fika. If you are interested to join, or simply want to find out more what we are all about, you are very welcome to just drop by at a rehearsal or send an e-mail to us. It doesn\u2019t matter whether you are a virtous looking for a social environment to perform in or just a beginner that wishes to progress, there is room for every level of artistry.<\/p>\n<p>Bl\u00e5slaget is a windorchestra, and our repertoire ranges from H\u00e5kan Hellstr\u00f6m to Dua Lipa. Bl\u00e5slaget and Dragpl\u00e5stret perform at most of the great parties taking place at KI, as well as openings and welcoming ceremonies for new KI students. We have members from almost any student program at KI, as well as PhD students and exchange students. Every year we travel to the student orchestra festival in either Uppsala or Link\u00f6ping, where we perform and hang out with student musicians and dancers from all over Sweden.<\/p>\n<p>If you\u2019re interested in music and dance, and are looking for an active and exciting student life in Stockholm, then Bl\u00e5slaget is the answer!<\/p>\n<\/div><\/section><\/div>\n\n<style type=\"text\/css\" data-created_by=\"avia_inline_auto\" id=\"style-css-av-75n1fe-e9d1e3d2e7264b87c5f0f5abe7a3583d\">\n.flex_column.av-75n1fe-e9d1e3d2e7264b87c5f0f5abe7a3583d{\nborder-radius:0px 0px 0px 0px;\npadding:0px 0px 0px 0px;\n}\n<\/style>\n<div  class='flex_column av-75n1fe-e9d1e3d2e7264b87c5f0f5abe7a3583d av_one_third  avia-builder-el-5  el_after_av_two_third  avia-builder-el-last  flex_column_div av-zero-column-padding  column-top-margin'     ><p><article  class='iconbox iconbox_left_content av-6cknoa-99fded36fb7f20b2abbcc679bd79bade av-icon-style-no-border  avia-builder-el-6  el_before_av_icon_box  avia-builder-el-first '  itemscope=\"itemscope\" itemtype=\"https:\/\/schema.org\/CreativeWork\" ><div class='iconbox_icon heading-color avia-iconfont avia-font-entypo-fontello' data-av_icon='\ue8b1' data-av_iconfont='entypo-fontello'  ><\/div><div class=\"iconbox_content\"><header class=\"entry-content-header\" aria-label=\"Icon: \"><\/header><div class='iconbox_content_container '  itemprop=\"text\" ><p><strong><a href=\"http:\/\/blaslaget.se\/\" target=\"_blank\" rel=\"noopener\">blaslaget.se<\/a><\/strong><\/p>\n<\/div><\/div><footer class=\"entry-footer\"><\/footer><\/article><br \/>\n<article  class='iconbox iconbox_left_content av-4qpr3u-94076672bfd88edeb20cfb3324e1d0aa av-icon-style-no-border  avia-builder-el-7  el_after_av_icon_box  el_before_av_icon_box '  itemscope=\"itemscope\" itemtype=\"https:\/\/schema.org\/CreativeWork\" ><div class='iconbox_icon heading-color avia-iconfont avia-font-entypo-fontello' data-av_icon='\ue8f5' data-av_iconfont='entypo-fontello'  ><\/div><div class=\"iconbox_content\"><header class=\"entry-content-header\" aria-label=\"Icon: \"><\/header><div class='iconbox_content_container '  itemprop=\"text\" ><p><strong><a href=\"https:\/\/www.facebook.com\/blaslaget\" target=\"_blank\" rel=\"noopener\">Bl\u00e5slaget on Facebook<\/a><\/strong><\/p>\n<\/div><\/div><footer class=\"entry-footer\"><\/footer><\/article><br \/>\n<article  class='iconbox iconbox_left_content av-m7da50d9-22db9bbd5a391bfad2a0e68a08a81096 av-icon-style-no-border  avia-builder-el-8  el_after_av_icon_box  el_before_av_icon_box '  itemscope=\"itemscope\" itemtype=\"https:\/\/schema.org\/CreativeWork\" ><div class='iconbox_icon heading-color avia-iconfont avia-font-entypo-fontello' data-av_icon='\ue909' data-av_iconfont='entypo-fontello'  ><\/div><div class=\"iconbox_content\"><header class=\"entry-content-header\" aria-label=\"Icon: \"><\/header><div class='iconbox_content_container '  itemprop=\"text\" ><p><a href=\"https:\/\/www.instagram.com\/blaslaget\/\">Bl\u00e5slaget at Instagram<\/a><\/p>\n<\/div><\/div><footer class=\"entry-footer\"><\/footer><\/article><br \/>\n<article  class='iconbox iconbox_left_content av-m7dae16c-0d27af655178d2877023ee0aa1154c22 av-icon-style-no-border  avia-builder-el-9  el_after_av_icon_box  el_before_av_icon_box '  itemscope=\"itemscope\" itemtype=\"https:\/\/schema.org\/CreativeWork\" ><div class='iconbox_icon heading-color avia-iconfont avia-font-entypo-fontello' data-av_icon='\ue8ac' data-av_iconfont='entypo-fontello'  ><\/div><div class=\"iconbox_content\"><header class=\"entry-content-header\" aria-label=\"Icon: \"><\/header><div class='iconbox_content_container '  itemprop=\"text\" ><p><a href=\"https:\/\/hitract.se\/hitclub\/1815\">Bl\u00e5slaget at Hitract<\/a><\/p>\n<\/div><\/div><footer class=\"entry-footer\"><\/footer><\/article><br \/>\n<article  class='iconbox iconbox_left_content av-3266lm-76ee6d8d571e4fe698673bbc4031f279 av-icon-style-no-border  avia-builder-el-10  el_after_av_icon_box  el_before_av_icon_box '  itemscope=\"itemscope\" itemtype=\"https:\/\/schema.org\/CreativeWork\" ><div class='iconbox_icon heading-color avia-iconfont avia-font-entypo-fontello' data-av_icon='\ue80a' data-av_iconfont='entypo-fontello'  ><\/div><div class=\"iconbox_content\"><header class=\"entry-content-header\" aria-label=\"Icon: \"><\/header><div class='iconbox_content_container '  itemprop=\"text\" ><p><strong>President<\/strong>:<br \/>\n<span data-olk-copy-source=\"MessageBody\">Fabian Byvald<\/span><\/p>\n<\/div><\/div><footer class=\"entry-footer\"><\/footer><\/article><br \/>\n<article  class='iconbox iconbox_left_content av-3266lm-1-4a7b78cad8c063846d0182f41d39a26a av-icon-style-no-border  avia-builder-el-11  el_after_av_icon_box  avia-builder-el-last '  itemscope=\"itemscope\" itemtype=\"https:\/\/schema.org\/CreativeWork\" ><div class='iconbox_icon heading-color avia-iconfont avia-font-entypo-fontello' data-av_icon='\ue805' data-av_iconfont='entypo-fontello'  ><\/div><div class=\"iconbox_content\"><header class=\"entry-content-header\" aria-label=\"Icon: \"><\/header><div class='iconbox_content_container '  itemprop=\"text\" ><p><a href=\"mailto:ordf@blaslaget.se\">ordf@blaslaget.se<\/a><\/p>\n<\/div><\/div><footer class=\"entry-footer\"><\/footer><\/article><\/p><\/div>\n","protected":false},"excerpt":{"rendered":"","protected":false},"author":3,"featured_media":1539,"parent":499,"menu_order":0,"comment_status":"closed","ping_status":"closed","template":"","meta":{"footnotes":""},"class_list":["post-6253","page","type-page","status-publish","has-post-thumbnail","hentry"],"_links":{"self":[{"href":"https:\/\/medicinskaforeningen.se\/en\/wp-json\/wp\/v2\/pages\/6253","targetHints":{"allow":["GET"]}}],"collection":[{"href":"https:\/\/medicinskaforeningen.se\/en\/wp-json\/wp\/v2\/pages"}],"about":[{"href":"https:\/\/medicinskaforeningen.se\/en\/wp-json\/wp\/v2\/types\/page"}],"author":[{"embeddable":true,"href":"https:\/\/medicinskaforeningen.se\/en\/wp-json\/wp\/v2\/users\/3"}],"replies":[{"embeddable":true,"href":"https:\/\/medicinskaforeningen.se\/en\/wp-json\/wp\/v2\/comments?post=6253"}],"version-history":[{"count":9,"href":"https:\/\/medicinskaforeningen.se\/en\/wp-json\/wp\/v2\/pages\/6253\/revisions"}],"predecessor-version":[{"id":27117,"href":"https:\/\/medicinskaforeningen.se\/en\/wp-json\/wp\/v2\/pages\/6253\/revisions\/27117"}],"up":[{"embeddable":true,"href":"https:\/\/medicinskaforeningen.se\/en\/wp-json\/wp\/v2\/pages\/499"}],"wp:featuredmedia":[{"embeddable":true,"href":"https:\/\/medicinskaforeningen.se\/en\/wp-json\/wp\/v2\/media\/1539"}],"wp:attachment":[{"href":"https:\/\/medicinskaforeningen.se\/en\/wp-json\/wp\/v2\/media?parent=6253"}],"curies":[{"name":"wp","href":"https:\/\/api.w.org\/{rel}","templated":true}]}}