{"id":658,"date":"2017-08-29T16:56:11","date_gmt":"2017-08-29T14:56:11","guid":{"rendered":"https:\/\/medicinskaforeningen.se\/rent-premises\/"},"modified":"2023-01-05T19:04:26","modified_gmt":"2023-01-05T18:04:26","slug":"premises","status":"publish","type":"page","link":"https:\/\/medicinskaforeningen.se\/en\/premises\/","title":{"rendered":"Premises"},"content":{"rendered":"\n<style type=\"text\/css\" data-created_by=\"avia_inline_auto\" id=\"style-css-av-az2cy-1608fbc5c7a7fcc3c78f7ce01a62abbc\">\n.flex_column.av-az2cy-1608fbc5c7a7fcc3c78f7ce01a62abbc{\nborder-radius:0px 0px 0px 0px;\npadding:0px 0px 0px 0px;\n}\n<\/style>\n<div  class='flex_column av-az2cy-1608fbc5c7a7fcc3c78f7ce01a62abbc av_one_full  avia-builder-el-0  el_before_av_one_half  avia-builder-el-first  first flex_column_div av-zero-column-padding  '     ><style type=\"text\/css\" data-created_by=\"avia_inline_auto\" id=\"style-css-av-k71v9qc9-85461181f2fd2b3ce41caa08ccd4d10c\">\n#top .av-special-heading.av-k71v9qc9-85461181f2fd2b3ce41caa08ccd4d10c{\npadding-bottom:15px;\n}\nbody .av-special-heading.av-k71v9qc9-85461181f2fd2b3ce41caa08ccd4d10c .av-special-heading-tag .heading-char{\nfont-size:25px;\n}\n.av-special-heading.av-k71v9qc9-85461181f2fd2b3ce41caa08ccd4d10c .av-subheading{\nfont-size:15px;\n}\n<\/style>\n<div  class='av-special-heading av-k71v9qc9-85461181f2fd2b3ce41caa08ccd4d10c av-special-heading-h1 custom-color-heading blockquote modern-quote  avia-builder-el-1  avia-builder-el-no-sibling '><h1 class='av-special-heading-tag '  itemprop=\"headline\"  >Premises<\/h1><div class=\"special-heading-border\"><div class=\"special-heading-inner-border\"><\/div><\/div><\/div><\/div>\n<div class='flex_column_table av-3usa2-740effb1b85ad835b8b1d04a543fb6dc sc-av_one_half av-equal-height-column-flextable'>\n<style type=\"text\/css\" data-created_by=\"avia_inline_auto\" id=\"style-css-av-3usa2-740effb1b85ad835b8b1d04a543fb6dc\">\n.flex_column.av-3usa2-740effb1b85ad835b8b1d04a543fb6dc{\nborder-radius:0px 0px 0px 0px;\npadding:40px 0px 40px 0px;\n}\n<\/style>\n<div  class='flex_column av-3usa2-740effb1b85ad835b8b1d04a543fb6dc av_one_half  avia-builder-el-2  el_after_av_one_full  el_before_av_one_half  first flex_column_table_cell av-equal-height-column av-align-top  column-top-margin'     ><p><section  class='av_textblock_section av-rc7gq-15ca86dfea836b10901c879c4bc1ab40 '   itemscope=\"itemscope\" itemtype=\"https:\/\/schema.org\/CreativeWork\" ><div class='avia_textblock av_inherit_color'  itemprop=\"text\" ><p>Medicinska F\u00f6reningen is lucky to have something for everyone!<\/p>\n<p>We have party rooms f\u00f6r everything from the small reception to the large qasque or concert in our<a href=\"https:\/\/medicinskaforeningen.se\/en\/premises\/union-house\/\" target=\"_blank\" rel=\"noopener\"> Student Union House at Nobelsv\u00e4g 10<\/a>. This is for both external renters,\u00a0 student associations, internal renters and members. We have complete rights, sound and light equipment and a MF-pub that you as a renter doesn&#8217;t need to pay extra for. Too good to be true? Not at all! Fill out a <a href=\"https:\/\/medicinskaforeningen.se\/en\/premises\/union-house\/\" target=\"_blank\" rel=\"noopener\">booking request<\/a> and we&#8217;ll get back to you as soon as possible.<\/p>\n<p>If you&#8217;d rather relax in a peaceful environment at V\u00e4rmd\u00f6, you can rent our sports cabin Solvik, located in the Stockholm archipelago at Str\u00f6mma kanal. Wonderful during both summer and winter. Book early since Solvik is very appreciated and well booked. Both for our members and external renters.<\/p>\n<p>For you who is a member, we have something extra. Rooms and equipment that only you as a member may rent with our internal booking system. The only cost is the membership! Check it out at <a href=\"https:\/\/medicinskaforeningen.se\/en\/premises\/booking-rooms\/\" target=\"_blank\" rel=\"noopener\">book rooms<\/a> and don&#8217;t forget to become a member!<\/p>\n<\/div><\/section><br \/>\n<div  class='hr av-168yy-e71292c7ab8f49446b5431b52a8980c1 hr-default  avia-builder-el-4  el_after_av_textblock  avia-builder-el-last '><span class='hr-inner '><span class=\"hr-inner-style\"><\/span><\/span><\/div><\/p><\/div><div class='av-flex-placeholder'><\/div>\n<style type=\"text\/css\" data-created_by=\"avia_inline_auto\" id=\"style-css-av-lrmsa-5eb60a20d1da0e78f48e09a2957ee0f1\">\n.flex_column.av-lrmsa-5eb60a20d1da0e78f48e09a2957ee0f1{\nborder-radius:0px 0px 0px 0px;\npadding:40px 0px 40px 0px;\n}\n<\/style>\n<div  class='flex_column av-lrmsa-5eb60a20d1da0e78f48e09a2957ee0f1 av_one_half  avia-builder-el-5  el_after_av_one_half  avia-builder-el-last  flex_column_table_cell av-equal-height-column av-align-top  column-top-margin'     ><p>\n<style type=\"text\/css\" data-created_by=\"avia_inline_auto\" id=\"style-css-av-dotne-95b2d4e9ad7defbbcc9cc5757987cc63\">\n.avia-image-container.av-dotne-95b2d4e9ad7defbbcc9cc5757987cc63 img.avia_image{\nbox-shadow:none;\n}\n.avia-image-container.av-dotne-95b2d4e9ad7defbbcc9cc5757987cc63 .av-caption-image-overlay-bg{\nopacity:0.6;\nbackground-color:#000000;\n}\n.avia-image-container.av-dotne-95b2d4e9ad7defbbcc9cc5757987cc63 .av-image-caption-overlay-center{\ncolor:#ffffff;\nfont-size:20px;\n}\n<\/style>\n<div  class='avia-image-container av-dotne-95b2d4e9ad7defbbcc9cc5757987cc63 av-styling- av-hover-grow av-img-linked avia_animated_image av-animated-when-visible-95 fade-in avia-align-center  avia-builder-el-6  el_before_av_image  avia-builder-el-first  noHover av-overlay-hover-deactivate'   itemprop=\"image\" itemscope=\"itemscope\" itemtype=\"https:\/\/schema.org\/ImageObject\" ><div class=\"avia-image-container-inner\"><div class=\"avia-image-overlay-wrap\"><a href=\"https:\/\/medicinskaforeningen.se\/en\/premises\/union-house\/\" class='avia_image '  aria-label='The Aula'><div class=\"av-image-caption-overlay\"><div class=\"av-caption-image-overlay-bg\"><\/div><div class=\"av-image-caption-overlay-position\"><div class=\"av-image-caption-overlay-center\"><p>Rent premises in the Student Union House<\/p>\n<\/div><\/div><\/div><img decoding=\"async\" fetchpriority=\"high\" class='wp-image-1644 avia-img-lazy-loading-not-1644 avia_image ' src=\"https:\/\/medicinskaforeningen.se\/wp-content\/uploads\/2017\/07\/21994000_1553071108046504_7262987405256569788_o-1500x430.jpg\" alt='' title='The Aula'  height=\"430\" width=\"1500\"  itemprop=\"thumbnailUrl\"  \/><\/a><\/div><\/div><\/div><br \/>\n\n<style type=\"text\/css\" data-created_by=\"avia_inline_auto\" id=\"style-css-av-14zg2-5af9706d8b35c4e166d6715ddc6ca0b8\">\n.avia-image-container.av-14zg2-5af9706d8b35c4e166d6715ddc6ca0b8 img.avia_image{\nbox-shadow:none;\n}\n.avia-image-container.av-14zg2-5af9706d8b35c4e166d6715ddc6ca0b8 .av-caption-image-overlay-bg{\nopacity:0.6;\nbackground-color:#000000;\n}\n.avia-image-container.av-14zg2-5af9706d8b35c4e166d6715ddc6ca0b8 .av-image-caption-overlay-center{\ncolor:#ffffff;\nfont-size:20px;\n}\n<\/style>\n<div  class='avia-image-container av-14zg2-5af9706d8b35c4e166d6715ddc6ca0b8 av-styling- av-hover-grow av-img-linked avia_animated_image av-animated-when-visible-95 fade-in avia-align-center  avia-builder-el-7  el_after_av_image  el_before_av_image  noHover av-overlay-hover-deactivate'   itemprop=\"image\" itemscope=\"itemscope\" itemtype=\"https:\/\/schema.org\/ImageObject\" ><div class=\"avia-image-container-inner\"><div class=\"avia-image-overlay-wrap\"><a href=\"https:\/\/medicinskaforeningen.se\/en\/premises\/solvik\/\" class='avia_image '  aria-label='Solvik'><div class=\"av-image-caption-overlay\"><div class=\"av-caption-image-overlay-bg\"><\/div><div class=\"av-image-caption-overlay-position\"><div class=\"av-image-caption-overlay-center\"><p>Rent Solvik<\/p>\n<\/div><\/div><\/div><img decoding=\"async\" fetchpriority=\"high\" class='wp-image-1347 avia-img-lazy-loading-not-1347 avia_image ' src=\"https:\/\/medicinskaforeningen.se\/wp-content\/uploads\/2017\/07\/3-1500x430.jpg\" alt='' title='Solvik'  height=\"430\" width=\"1500\"  itemprop=\"thumbnailUrl\"  \/><\/a><\/div><\/div><\/div><br \/>\n\n<style type=\"text\/css\" data-created_by=\"avia_inline_auto\" id=\"style-css-av-14zg2-812cd21aa242cca2d65d3f8ff7f8398d\">\n.avia-image-container.av-14zg2-812cd21aa242cca2d65d3f8ff7f8398d img.avia_image{\nbox-shadow:none;\n}\n.avia-image-container.av-14zg2-812cd21aa242cca2d65d3f8ff7f8398d .av-caption-image-overlay-bg{\nopacity:0.6;\nbackground-color:#000000;\n}\n.avia-image-container.av-14zg2-812cd21aa242cca2d65d3f8ff7f8398d .av-image-caption-overlay-center{\ncolor:#ffffff;\nfont-size:20px;\n}\n<\/style>\n<div  class='avia-image-container av-14zg2-812cd21aa242cca2d65d3f8ff7f8398d av-styling- av-hover-grow av-img-linked avia_animated_image av-animated-when-visible-95 fade-in avia-align-center  avia-builder-el-8  el_after_av_image  avia-builder-el-last  noHover av-overlay-hover-deactivate'   itemprop=\"image\" itemscope=\"itemscope\" itemtype=\"https:\/\/schema.org\/ImageObject\" ><div class=\"avia-image-container-inner\"><div class=\"avia-image-overlay-wrap\"><a href=\"https:\/\/medicinskaforeningen.se\/en\/premises\/booking-rooms\/\" class='avia_image '  aria-label='Fum'><div class=\"av-image-caption-overlay\"><div class=\"av-caption-image-overlay-bg\"><\/div><div class=\"av-image-caption-overlay-position\"><div class=\"av-image-caption-overlay-center\"><p>Internal bookings of rooms and equipment in Student Union House Solna and &#8220;K\u00e5rridoren Flemingsberg&#8221;<\/p>\n<\/div><\/div><\/div><img decoding=\"async\" fetchpriority=\"high\" class='wp-image-12429 avia-img-lazy-loading-not-12429 avia_image ' src=\"https:\/\/medicinskaforeningen.se\/wp-content\/uploads\/2020\/03\/Fum-1-1030x356.jpeg\" alt='' title='Fum'  height=\"356\" width=\"1030\"  itemprop=\"thumbnailUrl\" srcset=\"https:\/\/medicinskaforeningen.se\/wp-content\/uploads\/2020\/03\/Fum-1-1030x356.jpeg 1030w, https:\/\/medicinskaforeningen.se\/wp-content\/uploads\/2020\/03\/Fum-1-300x104.jpeg 300w, https:\/\/medicinskaforeningen.se\/wp-content\/uploads\/2020\/03\/Fum-1-768x266.jpeg 768w, https:\/\/medicinskaforeningen.se\/wp-content\/uploads\/2020\/03\/Fum-1-1536x531.jpeg 1536w, https:\/\/medicinskaforeningen.se\/wp-content\/uploads\/2020\/03\/Fum-1-2048x708.jpeg 2048w, https:\/\/medicinskaforeningen.se\/wp-content\/uploads\/2020\/03\/Fum-1-1500x519.jpeg 1500w, https:\/\/medicinskaforeningen.se\/wp-content\/uploads\/2020\/03\/Fum-1-705x244.jpeg 705w\" sizes=\"(max-width: 1030px) 100vw, 1030px\" \/><\/a><\/div><\/div><\/div><\/p><\/div><\/div><!--close column table wrapper. Autoclose: 1 --><\/p>\n","protected":false},"excerpt":{"rendered":"","protected":false},"author":3,"featured_media":1644,"parent":0,"menu_order":0,"comment_status":"closed","ping_status":"closed","template":"","meta":{"footnotes":""},"class_list":["post-658","page","type-page","status-publish","has-post-thumbnail","hentry"],"_links":{"self":[{"href":"https:\/\/medicinskaforeningen.se\/en\/wp-json\/wp\/v2\/pages\/658","targetHints":{"allow":["GET"]}}],"collection":[{"href":"https:\/\/medicinskaforeningen.se\/en\/wp-json\/wp\/v2\/pages"}],"about":[{"href":"https:\/\/medicinskaforeningen.se\/en\/wp-json\/wp\/v2\/types\/page"}],"author":[{"embeddable":true,"href":"https:\/\/medicinskaforeningen.se\/en\/wp-json\/wp\/v2\/users\/3"}],"replies":[{"embeddable":true,"href":"https:\/\/medicinskaforeningen.se\/en\/wp-json\/wp\/v2\/comments?post=658"}],"version-history":[{"count":24,"href":"https:\/\/medicinskaforeningen.se\/en\/wp-json\/wp\/v2\/pages\/658\/revisions"}],"predecessor-version":[{"id":24195,"href":"https:\/\/medicinskaforeningen.se\/en\/wp-json\/wp\/v2\/pages\/658\/revisions\/24195"}],"wp:featuredmedia":[{"embeddable":true,"href":"https:\/\/medicinskaforeningen.se\/en\/wp-json\/wp\/v2\/media\/1644"}],"wp:attachment":[{"href":"https:\/\/medicinskaforeningen.se\/en\/wp-json\/wp\/v2\/media?parent=658"}],"curies":[{"name":"wp","href":"https:\/\/api.w.org\/{rel}","templated":true}]}}